{"id":914,"date":"2012-04-03T09:50:44","date_gmt":"2012-04-03T09:50:44","guid":{"rendered":"http:\/\/alainbriand.com\/site\/?page_id=914"},"modified":"2019-04-14T18:20:25","modified_gmt":"2019-04-14T18:20:25","slug":"reliure-main-courante","status":"publish","type":"page","link":"https:\/\/alainbriand.com\/site\/livres-objets\/reliure-main-courante\/","title":{"rendered":"Reliure main courante"},"content":{"rendered":"<p><!--:de--><\/p>\n<p><!--:--><!--:en--><\/p>\n<p><!--:--><!--:fr--><a href=\"http:\/\/alainbriand.com\/site\/wp-content\/uploads\/2012\/04\/P10100181.jpg\"><img loading=\"lazy\" decoding=\"async\" class=\"alignnone size-medium wp-image-915\" title=\"OLYMPUS DIGITAL CAMERA\" src=\"http:\/\/alainbriand.com\/site\/wp-content\/uploads\/2012\/04\/P10100181-300x225.jpg\" alt=\"\" width=\"300\" height=\"225\" srcset=\"https:\/\/alainbriand.com\/site\/wp-content\/uploads\/2012\/04\/P10100181-300x225.jpg 300w, https:\/\/alainbriand.com\/site\/wp-content\/uploads\/2012\/04\/P10100181-1024x768.jpg 1024w, https:\/\/alainbriand.com\/site\/wp-content\/uploads\/2012\/04\/P10100181.jpg 2048w\" sizes=\"auto, (max-width: 300px) 100vw, 300px\" \/><\/a> <a href=\"http:\/\/alainbriand.com\/site\/wp-content\/uploads\/2012\/04\/P1010014.jpg\"><img loading=\"lazy\" decoding=\"async\" class=\"alignnone size-medium wp-image-916\" title=\"OLYMPUS DIGITAL CAMERA\" src=\"http:\/\/alainbriand.com\/site\/wp-content\/uploads\/2012\/04\/P1010014-300x225.jpg\" alt=\"\" width=\"300\" height=\"225\" srcset=\"https:\/\/alainbriand.com\/site\/wp-content\/uploads\/2012\/04\/P1010014-300x225.jpg 300w, https:\/\/alainbriand.com\/site\/wp-content\/uploads\/2012\/04\/P1010014-1024x768.jpg 1024w, https:\/\/alainbriand.com\/site\/wp-content\/uploads\/2012\/04\/P1010014.jpg 2048w\" sizes=\"auto, (max-width: 300px) 100vw, 300px\" \/><\/a><\/p>\n<p><a href=\"http:\/\/alainbriand.com\/site\/wp-content\/uploads\/2012\/04\/P10100231.jpg\"><img loading=\"lazy\" decoding=\"async\" class=\"alignnone size-large wp-image-917\" title=\"OLYMPUS DIGITAL CAMERA\" src=\"http:\/\/alainbriand.com\/site\/wp-content\/uploads\/2012\/04\/P10100231-1024x768.jpg\" alt=\"\" width=\"640\" height=\"480\" srcset=\"https:\/\/alainbriand.com\/site\/wp-content\/uploads\/2012\/04\/P10100231-1024x768.jpg 1024w, https:\/\/alainbriand.com\/site\/wp-content\/uploads\/2012\/04\/P10100231-300x225.jpg 300w, https:\/\/alainbriand.com\/site\/wp-content\/uploads\/2012\/04\/P10100231.jpg 2048w\" sizes=\"auto, (max-width: 640px) 100vw, 640px\" \/><\/a><\/p>\n<p>Livre type leporello qui se d\u00e9ploie en escalier ; dos constitu\u00e9 d&rsquo;un \u00e9l\u00e9ment de main courante m\u00e9tallique ; titre or sur le dos et sur le premier plat ; gardes en papier marbr\u00e9 \u00e0 la main, motifs \u00ab\u00a0pallier\u00a0\u00bb et \u00ab\u00a0montgolfi\u00e8re\u00a0\u00bb.<\/p>\n<p>Format : ferm\u00e9 : 45 cm x 35 cm, \u00e9paisseur 4 cm \/\u00a0ouvert : 510 cm x 289 cm.<!--:--><!--:it--><\/p>\n<p><!--:--><!--:zh--><br \/>\n<!--:--><\/p>\n","protected":false},"excerpt":{"rendered":"<p>Livre type leporello qui se d\u00e9ploie en escalier ; dos constitu\u00e9 d&rsquo;un \u00e9l\u00e9ment de main courante m\u00e9tallique ; titre or sur le dos et sur&hellip; <\/p>\n","protected":false},"author":2,"featured_media":0,"parent":187,"menu_order":6,"comment_status":"open","ping_status":"open","template":"","meta":{"footnotes":""},"class_list":["post-914","page","type-page","status-publish","hentry"],"_links":{"self":[{"href":"https:\/\/alainbriand.com\/site\/wp-json\/wp\/v2\/pages\/914","targetHints":{"allow":["GET"]}}],"collection":[{"href":"https:\/\/alainbriand.com\/site\/wp-json\/wp\/v2\/pages"}],"about":[{"href":"https:\/\/alainbriand.com\/site\/wp-json\/wp\/v2\/types\/page"}],"author":[{"embeddable":true,"href":"https:\/\/alainbriand.com\/site\/wp-json\/wp\/v2\/users\/2"}],"replies":[{"embeddable":true,"href":"https:\/\/alainbriand.com\/site\/wp-json\/wp\/v2\/comments?post=914"}],"version-history":[{"count":10,"href":"https:\/\/alainbriand.com\/site\/wp-json\/wp\/v2\/pages\/914\/revisions"}],"predecessor-version":[{"id":2034,"href":"https:\/\/alainbriand.com\/site\/wp-json\/wp\/v2\/pages\/914\/revisions\/2034"}],"up":[{"embeddable":true,"href":"https:\/\/alainbriand.com\/site\/wp-json\/wp\/v2\/pages\/187"}],"wp:attachment":[{"href":"https:\/\/alainbriand.com\/site\/wp-json\/wp\/v2\/media?parent=914"}],"curies":[{"name":"wp","href":"https:\/\/api.w.org\/{rel}","templated":true}]}}