{"id":9,"date":"2010-03-14T17:50:10","date_gmt":"2010-03-14T17:50:10","guid":{"rendered":"http:\/\/alainbriand.com\/site\/?page_id=9"},"modified":"2017-06-28T10:35:34","modified_gmt":"2017-06-28T10:35:34","slug":"atelier","status":"publish","type":"page","link":"https:\/\/alainbriand.com\/site\/atelier\/","title":{"rendered":"Atelier"},"content":{"rendered":"<p><!--:de--><\/p>\n<p>Es werden sowohl herk\u00f6mmliche Leistungen von Buchbindungen, Vergoldungen und Restaurierungen\u00a0ausgef\u00fchrt, als auch allerlei Sonderw\u00fcnsche ber\u00fccksichtigt.<\/p>\n<p><!--:--><!--:en--><\/p>\n<p><p>Realisation of standard and non-standard orders of any kind in bookbinding, gilding, restoration&#8230;<\/p>\n<\/p>\n<p><!--:--><!--:fr-->R\u00e9alisation de prestations conventionnelles en reliure, dorure, restauration, mais aussi de \u00ab\u00a0moutons \u00e0 5 pattes\u00a0\u00bb de toutes sortes&#8230;<!--:--><!--:it--><\/p>\n<p>Realizzazione di lavori, standard e non standard di qualsiasi tipo, di rilegatura, doratura e restauro.<\/p>\n<p><!--:--><!--:zh-->\u6211\u4eec\u4f5c\u4e00\u822c\u4e0e\u4e0d\u4e00\u822c\u7684\u88c5\u5e27\uff0c\u9540\u91d1\uff0c\u4fee\u590d\u7684\u670d\u52a1\u3002<!--:--><\/p>\n","protected":false},"excerpt":{"rendered":"<p>Es werden sowohl herk\u00f6mmliche Leistungen von Buchbindungen, Vergoldungen und Restaurierungen\u00a0ausgef\u00fchrt, als auch allerlei Sonderw\u00fcnsche ber\u00fccksichtigt. Realisation of standard and non-standard orders of any kind in&hellip; <\/p>\n","protected":false},"author":2,"featured_media":0,"parent":0,"menu_order":1,"comment_status":"closed","ping_status":"closed","template":"","meta":{"footnotes":""},"class_list":["post-9","page","type-page","status-publish","hentry"],"_links":{"self":[{"href":"https:\/\/alainbriand.com\/site\/wp-json\/wp\/v2\/pages\/9","targetHints":{"allow":["GET"]}}],"collection":[{"href":"https:\/\/alainbriand.com\/site\/wp-json\/wp\/v2\/pages"}],"about":[{"href":"https:\/\/alainbriand.com\/site\/wp-json\/wp\/v2\/types\/page"}],"author":[{"embeddable":true,"href":"https:\/\/alainbriand.com\/site\/wp-json\/wp\/v2\/users\/2"}],"replies":[{"embeddable":true,"href":"https:\/\/alainbriand.com\/site\/wp-json\/wp\/v2\/comments?post=9"}],"version-history":[{"count":31,"href":"https:\/\/alainbriand.com\/site\/wp-json\/wp\/v2\/pages\/9\/revisions"}],"predecessor-version":[{"id":1820,"href":"https:\/\/alainbriand.com\/site\/wp-json\/wp\/v2\/pages\/9\/revisions\/1820"}],"wp:attachment":[{"href":"https:\/\/alainbriand.com\/site\/wp-json\/wp\/v2\/media?parent=9"}],"curies":[{"name":"wp","href":"https:\/\/api.w.org\/{rel}","templated":true}]}}