{"id":897,"date":"2012-04-03T09:29:57","date_gmt":"2012-04-03T09:29:57","guid":{"rendered":"http:\/\/alainbriand.com\/site\/?page_id=897"},"modified":"2019-04-14T17:57:56","modified_gmt":"2019-04-14T17:57:56","slug":"fluide-glacial","status":"publish","type":"page","link":"https:\/\/alainbriand.com\/site\/livres-objets\/fluide-glacial\/","title":{"rendered":"Fluide Glacial"},"content":{"rendered":"<p><!--:de--><\/p>\n<p><!--:--><!--:en--><\/p>\n<p><!--:--><!--:fr-->Collection de revues sp\u00e9cialis\u00e9es bande dessin\u00e9e.<\/p>\n<p>Un volume par ann\u00e9e, embo\u00eetage avec une couverture diff\u00e9rente pour chaque volume.<\/p>\n<p><a href=\"http:\/\/alainbriand.com\/site\/wp-content\/uploads\/2012\/04\/P1010044.jpg\"><img loading=\"lazy\" decoding=\"async\" class=\"alignnone size-large wp-image-898\" title=\"OLYMPUS DIGITAL CAMERA\" src=\"http:\/\/alainbriand.com\/site\/wp-content\/uploads\/2012\/04\/P1010044-1024x768.jpg\" alt=\"\" width=\"640\" height=\"480\" srcset=\"https:\/\/alainbriand.com\/site\/wp-content\/uploads\/2012\/04\/P1010044-1024x768.jpg 1024w, https:\/\/alainbriand.com\/site\/wp-content\/uploads\/2012\/04\/P1010044-300x225.jpg 300w, https:\/\/alainbriand.com\/site\/wp-content\/uploads\/2012\/04\/P1010044.jpg 2048w\" sizes=\"auto, (max-width: 640px) 100vw, 640px\" \/><\/a><\/p>\n<p><a href=\"http:\/\/alainbriand.com\/site\/wp-content\/uploads\/2012\/04\/P1010018.jpg\"><img loading=\"lazy\" decoding=\"async\" class=\"alignnone size-medium wp-image-899\" title=\"OLYMPUS DIGITAL CAMERA\" src=\"http:\/\/alainbriand.com\/site\/wp-content\/uploads\/2012\/04\/P1010018-300x225.jpg\" alt=\"\" width=\"300\" height=\"225\" srcset=\"https:\/\/alainbriand.com\/site\/wp-content\/uploads\/2012\/04\/P1010018-300x225.jpg 300w, https:\/\/alainbriand.com\/site\/wp-content\/uploads\/2012\/04\/P1010018-1024x768.jpg 1024w, https:\/\/alainbriand.com\/site\/wp-content\/uploads\/2012\/04\/P1010018.jpg 2048w\" sizes=\"auto, (max-width: 300px) 100vw, 300px\" \/><\/a> <a href=\"http:\/\/alainbriand.com\/site\/wp-content\/uploads\/2012\/04\/P1010019_1.jpg\"><img loading=\"lazy\" decoding=\"async\" class=\"alignnone size-medium wp-image-900\" title=\"OLYMPUS DIGITAL CAMERA\" src=\"http:\/\/alainbriand.com\/site\/wp-content\/uploads\/2012\/04\/P1010019_1-225x300.jpg\" alt=\"\" width=\"225\" height=\"300\" srcset=\"https:\/\/alainbriand.com\/site\/wp-content\/uploads\/2012\/04\/P1010019_1-225x300.jpg 225w, https:\/\/alainbriand.com\/site\/wp-content\/uploads\/2012\/04\/P1010019_1-768x1024.jpg 768w, https:\/\/alainbriand.com\/site\/wp-content\/uploads\/2012\/04\/P1010019_1.jpg 1536w\" sizes=\"auto, (max-width: 225px) 100vw, 225px\" \/><\/a><\/p>\n<p><a href=\"http:\/\/alainbriand.com\/site\/wp-content\/uploads\/2012\/04\/P1010020_1.jpg\"><img loading=\"lazy\" decoding=\"async\" class=\"alignnone size-medium wp-image-901\" title=\"OLYMPUS DIGITAL CAMERA\" src=\"http:\/\/alainbriand.com\/site\/wp-content\/uploads\/2012\/04\/P1010020_1-225x300.jpg\" alt=\"\" width=\"225\" height=\"300\" srcset=\"https:\/\/alainbriand.com\/site\/wp-content\/uploads\/2012\/04\/P1010020_1-225x300.jpg 225w, https:\/\/alainbriand.com\/site\/wp-content\/uploads\/2012\/04\/P1010020_1-768x1024.jpg 768w, https:\/\/alainbriand.com\/site\/wp-content\/uploads\/2012\/04\/P1010020_1.jpg 1536w\" sizes=\"auto, (max-width: 225px) 100vw, 225px\" \/><\/a> <a href=\"http:\/\/alainbriand.com\/site\/wp-content\/uploads\/2012\/04\/P1010023.jpg\"><img loading=\"lazy\" decoding=\"async\" class=\"alignnone size-medium wp-image-902\" title=\"OLYMPUS DIGITAL CAMERA\" src=\"http:\/\/alainbriand.com\/site\/wp-content\/uploads\/2012\/04\/P1010023-225x300.jpg\" alt=\"\" width=\"225\" height=\"300\" srcset=\"https:\/\/alainbriand.com\/site\/wp-content\/uploads\/2012\/04\/P1010023-225x300.jpg 225w, https:\/\/alainbriand.com\/site\/wp-content\/uploads\/2012\/04\/P1010023-768x1024.jpg 768w, https:\/\/alainbriand.com\/site\/wp-content\/uploads\/2012\/04\/P1010023.jpg 1536w\" sizes=\"auto, (max-width: 225px) 100vw, 225px\" \/><\/a> <a href=\"http:\/\/alainbriand.com\/site\/wp-content\/uploads\/2012\/04\/P1010026_1.jpg\"><img loading=\"lazy\" decoding=\"async\" class=\"alignnone size-medium wp-image-903\" title=\"OLYMPUS DIGITAL CAMERA\" src=\"http:\/\/alainbriand.com\/site\/wp-content\/uploads\/2012\/04\/P1010026_1-225x300.jpg\" alt=\"\" width=\"225\" height=\"300\" srcset=\"https:\/\/alainbriand.com\/site\/wp-content\/uploads\/2012\/04\/P1010026_1-225x300.jpg 225w, https:\/\/alainbriand.com\/site\/wp-content\/uploads\/2012\/04\/P1010026_1-768x1024.jpg 768w, https:\/\/alainbriand.com\/site\/wp-content\/uploads\/2012\/04\/P1010026_1.jpg 1536w\" sizes=\"auto, (max-width: 225px) 100vw, 225px\" \/><\/a> <a href=\"http:\/\/alainbriand.com\/site\/wp-content\/uploads\/2012\/04\/P1010030_1.jpg\"><img loading=\"lazy\" decoding=\"async\" class=\"alignnone size-medium wp-image-904\" title=\"OLYMPUS DIGITAL CAMERA\" src=\"http:\/\/alainbriand.com\/site\/wp-content\/uploads\/2012\/04\/P1010030_1-225x300.jpg\" alt=\"\" width=\"225\" height=\"300\" srcset=\"https:\/\/alainbriand.com\/site\/wp-content\/uploads\/2012\/04\/P1010030_1-225x300.jpg 225w, https:\/\/alainbriand.com\/site\/wp-content\/uploads\/2012\/04\/P1010030_1-768x1024.jpg 768w, https:\/\/alainbriand.com\/site\/wp-content\/uploads\/2012\/04\/P1010030_1.jpg 1536w\" sizes=\"auto, (max-width: 225px) 100vw, 225px\" \/><\/a><\/p>\n<p><a href=\"http:\/\/alainbriand.com\/site\/wp-content\/uploads\/2012\/04\/P1010031_1.jpg\"><img loading=\"lazy\" decoding=\"async\" class=\"alignnone size-medium wp-image-905\" title=\"OLYMPUS DIGITAL CAMERA\" src=\"http:\/\/alainbriand.com\/site\/wp-content\/uploads\/2012\/04\/P1010031_1-225x300.jpg\" alt=\"\" width=\"225\" height=\"300\" srcset=\"https:\/\/alainbriand.com\/site\/wp-content\/uploads\/2012\/04\/P1010031_1-225x300.jpg 225w, https:\/\/alainbriand.com\/site\/wp-content\/uploads\/2012\/04\/P1010031_1-768x1024.jpg 768w, https:\/\/alainbriand.com\/site\/wp-content\/uploads\/2012\/04\/P1010031_1.jpg 1536w\" sizes=\"auto, (max-width: 225px) 100vw, 225px\" \/><\/a> <a href=\"http:\/\/alainbriand.com\/site\/wp-content\/uploads\/2012\/04\/P1010034_1.jpg\"><img loading=\"lazy\" decoding=\"async\" class=\"alignnone size-medium wp-image-906\" title=\"OLYMPUS DIGITAL CAMERA\" src=\"http:\/\/alainbriand.com\/site\/wp-content\/uploads\/2012\/04\/P1010034_1-225x300.jpg\" alt=\"\" width=\"225\" height=\"300\" srcset=\"https:\/\/alainbriand.com\/site\/wp-content\/uploads\/2012\/04\/P1010034_1-225x300.jpg 225w, https:\/\/alainbriand.com\/site\/wp-content\/uploads\/2012\/04\/P1010034_1-768x1024.jpg 768w, https:\/\/alainbriand.com\/site\/wp-content\/uploads\/2012\/04\/P1010034_1.jpg 1536w\" sizes=\"auto, (max-width: 225px) 100vw, 225px\" \/><\/a><\/p>\n<p><a href=\"http:\/\/alainbriand.com\/site\/wp-content\/uploads\/2012\/04\/P1010036_1.jpg\"><img loading=\"lazy\" decoding=\"async\" class=\"alignnone size-medium wp-image-907\" title=\"OLYMPUS DIGITAL CAMERA\" src=\"http:\/\/alainbriand.com\/site\/wp-content\/uploads\/2012\/04\/P1010036_1-225x300.jpg\" alt=\"\" width=\"225\" height=\"300\" srcset=\"https:\/\/alainbriand.com\/site\/wp-content\/uploads\/2012\/04\/P1010036_1-225x300.jpg 225w, https:\/\/alainbriand.com\/site\/wp-content\/uploads\/2012\/04\/P1010036_1-768x1024.jpg 768w, https:\/\/alainbriand.com\/site\/wp-content\/uploads\/2012\/04\/P1010036_1.jpg 1536w\" sizes=\"auto, (max-width: 225px) 100vw, 225px\" \/><\/a> <a href=\"http:\/\/alainbriand.com\/site\/wp-content\/uploads\/2012\/04\/P1010042_1.jpg\"><img loading=\"lazy\" decoding=\"async\" class=\"alignnone size-medium wp-image-908\" title=\"OLYMPUS DIGITAL CAMERA\" src=\"http:\/\/alainbriand.com\/site\/wp-content\/uploads\/2012\/04\/P1010042_1-225x300.jpg\" alt=\"\" width=\"225\" height=\"300\" srcset=\"https:\/\/alainbriand.com\/site\/wp-content\/uploads\/2012\/04\/P1010042_1-225x300.jpg 225w, https:\/\/alainbriand.com\/site\/wp-content\/uploads\/2012\/04\/P1010042_1-768x1024.jpg 768w, https:\/\/alainbriand.com\/site\/wp-content\/uploads\/2012\/04\/P1010042_1.jpg 1536w\" sizes=\"auto, (max-width: 225px) 100vw, 225px\" \/><\/a><\/p>\n<p><a href=\"http:\/\/alainbriand.com\/site\/wp-content\/uploads\/2012\/04\/P1010038_1.jpg\"><img loading=\"lazy\" decoding=\"async\" class=\"alignnone size-medium wp-image-909\" title=\"OLYMPUS DIGITAL CAMERA\" src=\"http:\/\/alainbriand.com\/site\/wp-content\/uploads\/2012\/04\/P1010038_1-225x300.jpg\" alt=\"\" width=\"225\" height=\"300\" srcset=\"https:\/\/alainbriand.com\/site\/wp-content\/uploads\/2012\/04\/P1010038_1-225x300.jpg 225w, https:\/\/alainbriand.com\/site\/wp-content\/uploads\/2012\/04\/P1010038_1-768x1024.jpg 768w, https:\/\/alainbriand.com\/site\/wp-content\/uploads\/2012\/04\/P1010038_1.jpg 1536w\" sizes=\"auto, (max-width: 225px) 100vw, 225px\" \/><\/a> <a href=\"http:\/\/alainbriand.com\/site\/wp-content\/uploads\/2012\/04\/P1010040_1.jpg\"><img loading=\"lazy\" decoding=\"async\" class=\"alignnone size-medium wp-image-910\" title=\"OLYMPUS DIGITAL CAMERA\" src=\"http:\/\/alainbriand.com\/site\/wp-content\/uploads\/2012\/04\/P1010040_1-225x300.jpg\" alt=\"\" width=\"225\" height=\"300\" srcset=\"https:\/\/alainbriand.com\/site\/wp-content\/uploads\/2012\/04\/P1010040_1-225x300.jpg 225w, https:\/\/alainbriand.com\/site\/wp-content\/uploads\/2012\/04\/P1010040_1-768x1024.jpg 768w, https:\/\/alainbriand.com\/site\/wp-content\/uploads\/2012\/04\/P1010040_1.jpg 1536w\" sizes=\"auto, (max-width: 225px) 100vw, 225px\" \/><\/a><\/p>\n<p><a href=\"http:\/\/alainbriand.com\/site\/wp-content\/uploads\/2012\/04\/P1010028.jpg\"><img loading=\"lazy\" decoding=\"async\" class=\"alignnone size-medium wp-image-911\" title=\"OLYMPUS DIGITAL CAMERA\" src=\"http:\/\/alainbriand.com\/site\/wp-content\/uploads\/2012\/04\/P1010028-300x225.jpg\" alt=\"\" width=\"300\" height=\"225\" srcset=\"https:\/\/alainbriand.com\/site\/wp-content\/uploads\/2012\/04\/P1010028-300x225.jpg 300w, https:\/\/alainbriand.com\/site\/wp-content\/uploads\/2012\/04\/P1010028-1024x768.jpg 1024w, https:\/\/alainbriand.com\/site\/wp-content\/uploads\/2012\/04\/P1010028.jpg 2048w\" sizes=\"auto, (max-width: 300px) 100vw, 300px\" \/><\/a> <a href=\"http:\/\/alainbriand.com\/site\/wp-content\/uploads\/2012\/04\/P1010027.jpg\"><img loading=\"lazy\" decoding=\"async\" class=\"alignnone size-medium wp-image-912\" title=\"OLYMPUS DIGITAL CAMERA\" src=\"http:\/\/alainbriand.com\/site\/wp-content\/uploads\/2012\/04\/P1010027-225x300.jpg\" alt=\"\" width=\"225\" height=\"300\" srcset=\"https:\/\/alainbriand.com\/site\/wp-content\/uploads\/2012\/04\/P1010027-225x300.jpg 225w, https:\/\/alainbriand.com\/site\/wp-content\/uploads\/2012\/04\/P1010027-768x1024.jpg 768w, https:\/\/alainbriand.com\/site\/wp-content\/uploads\/2012\/04\/P1010027.jpg 1536w\" sizes=\"auto, (max-width: 225px) 100vw, 225px\" \/><\/a><!--:--><!--:it--><\/p>\n<p><!--:--><!--:zh--><br \/>\n<!--:--><\/p>\n","protected":false},"excerpt":{"rendered":"<p>Collection de revues sp\u00e9cialis\u00e9es bande dessin\u00e9e. Un volume par ann\u00e9e, embo\u00eetage avec une couverture diff\u00e9rente pour chaque volume.<\/p>\n","protected":false},"author":2,"featured_media":0,"parent":187,"menu_order":4,"comment_status":"open","ping_status":"open","template":"","meta":{"footnotes":""},"class_list":["post-897","page","type-page","status-publish","hentry"],"_links":{"self":[{"href":"https:\/\/alainbriand.com\/site\/wp-json\/wp\/v2\/pages\/897","targetHints":{"allow":["GET"]}}],"collection":[{"href":"https:\/\/alainbriand.com\/site\/wp-json\/wp\/v2\/pages"}],"about":[{"href":"https:\/\/alainbriand.com\/site\/wp-json\/wp\/v2\/types\/page"}],"author":[{"embeddable":true,"href":"https:\/\/alainbriand.com\/site\/wp-json\/wp\/v2\/users\/2"}],"replies":[{"embeddable":true,"href":"https:\/\/alainbriand.com\/site\/wp-json\/wp\/v2\/comments?post=897"}],"version-history":[{"count":7,"href":"https:\/\/alainbriand.com\/site\/wp-json\/wp\/v2\/pages\/897\/revisions"}],"predecessor-version":[{"id":2029,"href":"https:\/\/alainbriand.com\/site\/wp-json\/wp\/v2\/pages\/897\/revisions\/2029"}],"up":[{"embeddable":true,"href":"https:\/\/alainbriand.com\/site\/wp-json\/wp\/v2\/pages\/187"}],"wp:attachment":[{"href":"https:\/\/alainbriand.com\/site\/wp-json\/wp\/v2\/media?parent=897"}],"curies":[{"name":"wp","href":"https:\/\/api.w.org\/{rel}","templated":true}]}}