{"id":817,"date":"2012-04-16T07:38:54","date_gmt":"2012-04-16T07:38:54","guid":{"rendered":"http:\/\/alainbriand.com\/site\/?page_id=817"},"modified":"2018-10-06T17:47:56","modified_gmt":"2018-10-06T17:47:56","slug":"la-nouvelle-roman-e","status":"publish","type":"page","link":"https:\/\/alainbriand.com\/site\/atelier\/la-nouvelle-roman-e\/","title":{"rendered":"La nouvelle : roman-e"},"content":{"rendered":"<p><!--:de--><\/p>\n<p><!--:--><!--:en--><\/p>\n<p><!--:--><!--:fr-->Faire-part de naissance r\u00e9alis\u00e9 en 117 exemplaires de fa\u00e7on \u00e0 \u00eatre achemin\u00e9 tel quel (sans enveloppe) par la Poste. Format : 9 x 13 cm ; poids : 18 grammes. Ao\u00fbt 2011.<\/p>\n<p><a href=\"http:\/\/alainbriand.com\/site\/wp-content\/uploads\/2011\/11\/P1010056.jpg\"><img loading=\"lazy\" decoding=\"async\" class=\"alignnone size-large wp-image-818\" title=\"OLYMPUS DIGITAL CAMERA\" src=\"http:\/\/alainbriand.com\/site\/wp-content\/uploads\/2011\/11\/P1010056-1024x768.jpg\" alt=\"\" width=\"640\" height=\"480\" srcset=\"https:\/\/alainbriand.com\/site\/wp-content\/uploads\/2011\/11\/P1010056-1024x768.jpg 1024w, https:\/\/alainbriand.com\/site\/wp-content\/uploads\/2011\/11\/P1010056-300x225.jpg 300w, https:\/\/alainbriand.com\/site\/wp-content\/uploads\/2011\/11\/P1010056.jpg 2048w\" sizes=\"auto, (max-width: 640px) 100vw, 640px\" \/><\/a><!--:--><!--:it--><\/p>\n<p>&nbsp;<\/p>\n<p>(English)<\/p>\n<p>Birth announcement issued in 117 copies, ready to be sent by post as it is (without any envelope). \u00a0Size: 9 x 13 cm; weight: 18 grams. August 2011.<\/p>\n<p><!--:--><\/p>\n","protected":false},"excerpt":{"rendered":"<p>Faire-part de naissance r\u00e9alis\u00e9 en 117 exemplaires de fa\u00e7on \u00e0 \u00eatre achemin\u00e9 tel quel (sans enveloppe) par la Poste. Format : 9 x 13 cm&hellip; <\/p>\n","protected":false},"author":2,"featured_media":0,"parent":9,"menu_order":6,"comment_status":"open","ping_status":"open","template":"","meta":{"footnotes":""},"class_list":["post-817","page","type-page","status-publish","hentry"],"_links":{"self":[{"href":"https:\/\/alainbriand.com\/site\/wp-json\/wp\/v2\/pages\/817","targetHints":{"allow":["GET"]}}],"collection":[{"href":"https:\/\/alainbriand.com\/site\/wp-json\/wp\/v2\/pages"}],"about":[{"href":"https:\/\/alainbriand.com\/site\/wp-json\/wp\/v2\/types\/page"}],"author":[{"embeddable":true,"href":"https:\/\/alainbriand.com\/site\/wp-json\/wp\/v2\/users\/2"}],"replies":[{"embeddable":true,"href":"https:\/\/alainbriand.com\/site\/wp-json\/wp\/v2\/comments?post=817"}],"version-history":[{"count":11,"href":"https:\/\/alainbriand.com\/site\/wp-json\/wp\/v2\/pages\/817\/revisions"}],"predecessor-version":[{"id":2017,"href":"https:\/\/alainbriand.com\/site\/wp-json\/wp\/v2\/pages\/817\/revisions\/2017"}],"up":[{"embeddable":true,"href":"https:\/\/alainbriand.com\/site\/wp-json\/wp\/v2\/pages\/9"}],"wp:attachment":[{"href":"https:\/\/alainbriand.com\/site\/wp-json\/wp\/v2\/media?parent=817"}],"curies":[{"name":"wp","href":"https:\/\/api.w.org\/{rel}","templated":true}]}}