{"id":791,"date":"2011-11-19T14:45:07","date_gmt":"2011-11-19T14:45:07","guid":{"rendered":"http:\/\/alainbriand.com\/site\/?page_id=791"},"modified":"2019-04-14T18:02:32","modified_gmt":"2019-04-14T18:02:32","slug":"faites-des-lego-pas-la-guerre-t1","status":"publish","type":"page","link":"https:\/\/alainbriand.com\/site\/livres-objets\/faites-des-lego-pas-la-guerre-t1\/","title":{"rendered":"Fa\u00eetes des LEGO ! (pas la guerre)"},"content":{"rendered":"<p><!--:de--><\/p>\n<div>\n<p><!--:--><!--:fr-->Livre \u00e0 syst\u00e8me \u00e0 4 sens de lecture, int\u00e9gr\u00e9 sous le toit du Combi Volkswagen T1 \u00e9dit\u00e9 par LEGO pour son cinquantenaire. Cr\u00e9\u00e9, imprim\u00e9 en legotypie \u00e0 la brique sur Arches et reli\u00e9 \u00e0 l&rsquo;atelier, novembre 2011.<\/p>\n<\/div>\n<p>Format du livre : 9,5 x 9,5 cm (ferm\u00e9) \/\u00a038 x 38 cm (ouvert). <a href=\"http:\/\/alainbriand.com\/site\/wp-content\/uploads\/2011\/11\/P1010097.jpg\"><img loading=\"lazy\" decoding=\"async\" class=\"alignnone size-medium wp-image-793\" title=\"OLYMPUS DIGITAL CAMERA\" src=\"http:\/\/alainbriand.com\/site\/wp-content\/uploads\/2011\/11\/P1010097-300x225.jpg\" alt=\"\" width=\"300\" height=\"225\" srcset=\"https:\/\/alainbriand.com\/site\/wp-content\/uploads\/2011\/11\/P1010097-300x225.jpg 300w, https:\/\/alainbriand.com\/site\/wp-content\/uploads\/2011\/11\/P1010097-1024x768.jpg 1024w, https:\/\/alainbriand.com\/site\/wp-content\/uploads\/2011\/11\/P1010097.jpg 2048w\" sizes=\"auto, (max-width: 300px) 100vw, 300px\" \/><\/a> <a href=\"http:\/\/alainbriand.com\/site\/wp-content\/uploads\/2011\/11\/P1010111.jpg\"><img loading=\"lazy\" decoding=\"async\" class=\"alignnone size-medium wp-image-794\" title=\"OLYMPUS DIGITAL CAMERA\" src=\"http:\/\/alainbriand.com\/site\/wp-content\/uploads\/2011\/11\/P1010111-225x300.jpg\" alt=\"\" width=\"225\" height=\"300\" srcset=\"https:\/\/alainbriand.com\/site\/wp-content\/uploads\/2011\/11\/P1010111-225x300.jpg 225w, https:\/\/alainbriand.com\/site\/wp-content\/uploads\/2011\/11\/P1010111-768x1024.jpg 768w, https:\/\/alainbriand.com\/site\/wp-content\/uploads\/2011\/11\/P1010111.jpg 1536w\" sizes=\"auto, (max-width: 225px) 100vw, 225px\" \/><\/a><\/p>\n<p>A l&rsquo;arri\u00e8re-plan, \u00ab\u00a0<strong>Les Baigneuses<\/strong>\u00ab\u00a0,\u00a0toile de <strong>C\u00e9drick Vannier<\/strong>.<\/p>\n<p><!--:--><!--:it--><br \/>\n<!--:--><!--:zh--><\/p>\n<p><!--:--><\/p>\n","protected":false},"excerpt":{"rendered":"<p>Livre \u00e0 syst\u00e8me \u00e0 4 sens de lecture, int\u00e9gr\u00e9 sous le toit du Combi Volkswagen T1 \u00e9dit\u00e9 par LEGO pour son cinquantenaire. Cr\u00e9\u00e9, imprim\u00e9 en&hellip; <\/p>\n","protected":false},"author":2,"featured_media":0,"parent":187,"menu_order":7,"comment_status":"open","ping_status":"open","template":"","meta":{"footnotes":""},"class_list":["post-791","page","type-page","status-publish","hentry"],"_links":{"self":[{"href":"https:\/\/alainbriand.com\/site\/wp-json\/wp\/v2\/pages\/791","targetHints":{"allow":["GET"]}}],"collection":[{"href":"https:\/\/alainbriand.com\/site\/wp-json\/wp\/v2\/pages"}],"about":[{"href":"https:\/\/alainbriand.com\/site\/wp-json\/wp\/v2\/types\/page"}],"author":[{"embeddable":true,"href":"https:\/\/alainbriand.com\/site\/wp-json\/wp\/v2\/users\/2"}],"replies":[{"embeddable":true,"href":"https:\/\/alainbriand.com\/site\/wp-json\/wp\/v2\/comments?post=791"}],"version-history":[{"count":20,"href":"https:\/\/alainbriand.com\/site\/wp-json\/wp\/v2\/pages\/791\/revisions"}],"predecessor-version":[{"id":2035,"href":"https:\/\/alainbriand.com\/site\/wp-json\/wp\/v2\/pages\/791\/revisions\/2035"}],"up":[{"embeddable":true,"href":"https:\/\/alainbriand.com\/site\/wp-json\/wp\/v2\/pages\/187"}],"wp:attachment":[{"href":"https:\/\/alainbriand.com\/site\/wp-json\/wp\/v2\/media?parent=791"}],"curies":[{"name":"wp","href":"https:\/\/api.w.org\/{rel}","templated":true}]}}