{"id":717,"date":"2011-07-29T20:03:07","date_gmt":"2011-07-29T20:03:07","guid":{"rendered":"http:\/\/alainbriand.com\/site\/?page_id=717"},"modified":"2018-10-06T17:54:05","modified_gmt":"2018-10-06T17:54:05","slug":"etincelles-dorees","status":"publish","type":"page","link":"https:\/\/alainbriand.com\/site\/atelier\/etincelles-dorees\/","title":{"rendered":"Etincelles dor\u00e9es"},"content":{"rendered":"<p><!--:de--><\/p>\n<div>\n<p><a href=\"http:\/\/alainbriand.com\/site\/wp-content\/uploads\/2011\/07\/P1010007.jpg\"><img loading=\"lazy\" decoding=\"async\" title=\"OLYMPUS DIGITAL CAMERA\" src=\"http:\/\/alainbriand.com\/site\/wp-content\/uploads\/2011\/07\/P1010007-1024x768.jpg\" alt=\"\" width=\"640\" height=\"480\" \/><\/a><\/p>\n<p><strong><span style=\"text-decoration: underline;\">Le voleur d&rsquo;\u00e9tincelles<\/span><\/strong>, de Robert Brasillach.<\/p>\n<p>Reliure pleine peau en ch\u00e8vre oasis bleu, d\u00e9cor de dorure rouge et trois ors sur les plats se prolongeant sur le dos.<\/p>\n<p>Gardes en papier marbr\u00e9 \u00e0 la main assorties, charni\u00e8res peau,\u00a0t\u00eate dor\u00e9e.<\/p>\n<p><a href=\"http:\/\/alainbriand.com\/site\/wp-content\/uploads\/2011\/07\/P10100102.jpg\"><img loading=\"lazy\" decoding=\"async\" title=\"OLYMPUS DIGITAL CAMERA\" src=\"http:\/\/alainbriand.com\/site\/wp-content\/uploads\/2011\/07\/P10100102-225x300.jpg\" alt=\"\" width=\"225\" height=\"300\" \/><\/a> <a href=\"http:\/\/alainbriand.com\/site\/wp-content\/uploads\/2011\/07\/P1010013.jpg\"><img loading=\"lazy\" decoding=\"async\" title=\"OLYMPUS DIGITAL CAMERA\" src=\"http:\/\/alainbriand.com\/site\/wp-content\/uploads\/2011\/07\/P1010013-300x225.jpg\" alt=\"\" width=\"300\" height=\"225\" \/><\/a><\/p>\n<\/div>\n<p><!--:--><!--:en--><\/p>\n<p>(English)<\/p>\n<p><strong><span style=\"text-decoration: underline;\">Le voleur d\u2019\u00e9tincelles<\/span> <\/strong>(The spark thief), by Robert Brassilach.<\/p>\n<p>Blue \u00ab\u00a0oasis\u00a0\u00bb shagreen full bookbinding, red and three colour gold decorations on both covers that spread up to the spine.<\/p>\n<p>Matching hand-made marbled paper flyleaves, leather hinge binding, gold-gilded edges.<\/p>\n","protected":false},"excerpt":{"rendered":"<p>Le voleur d&rsquo;\u00e9tincelles, de Robert Brasillach. Reliure pleine peau en ch\u00e8vre oasis bleu, d\u00e9cor de dorure rouge et trois ors sur les plats se prolongeant&hellip; <\/p>\n","protected":false},"author":2,"featured_media":0,"parent":9,"menu_order":8,"comment_status":"open","ping_status":"open","template":"","meta":{"footnotes":""},"class_list":["post-717","page","type-page","status-publish","hentry"],"_links":{"self":[{"href":"https:\/\/alainbriand.com\/site\/wp-json\/wp\/v2\/pages\/717","targetHints":{"allow":["GET"]}}],"collection":[{"href":"https:\/\/alainbriand.com\/site\/wp-json\/wp\/v2\/pages"}],"about":[{"href":"https:\/\/alainbriand.com\/site\/wp-json\/wp\/v2\/types\/page"}],"author":[{"embeddable":true,"href":"https:\/\/alainbriand.com\/site\/wp-json\/wp\/v2\/users\/2"}],"replies":[{"embeddable":true,"href":"https:\/\/alainbriand.com\/site\/wp-json\/wp\/v2\/comments?post=717"}],"version-history":[{"count":12,"href":"https:\/\/alainbriand.com\/site\/wp-json\/wp\/v2\/pages\/717\/revisions"}],"predecessor-version":[{"id":2019,"href":"https:\/\/alainbriand.com\/site\/wp-json\/wp\/v2\/pages\/717\/revisions\/2019"}],"up":[{"embeddable":true,"href":"https:\/\/alainbriand.com\/site\/wp-json\/wp\/v2\/pages\/9"}],"wp:attachment":[{"href":"https:\/\/alainbriand.com\/site\/wp-json\/wp\/v2\/media?parent=717"}],"curies":[{"name":"wp","href":"https:\/\/api.w.org\/{rel}","templated":true}]}}