{"id":711,"date":"2011-07-29T20:01:06","date_gmt":"2011-07-29T20:01:06","guid":{"rendered":"http:\/\/alainbriand.com\/site\/?page_id=711"},"modified":"2018-10-06T17:52:04","modified_gmt":"2018-10-06T17:52:04","slug":"mosaique-art-deco","status":"publish","type":"page","link":"https:\/\/alainbriand.com\/site\/atelier\/mosaique-art-deco\/","title":{"rendered":"Mosa\u00efque art d\u00e9co"},"content":{"rendered":"<p><!--:de--><\/p>\n<div>\n<p><span style=\"text-decoration: underline;\"><strong>Barnabooth<\/strong><\/span>, de Valery Larbaud.<\/p>\n<\/div>\n<p>Reliure en plein veau noir, mosa\u00efque en chagrin rouge et parchemin d&rsquo;agneau blanc sur les deux plats.<\/p>\n<p>Gardes en papier \u00e0 la colle assorti (avec ajout de filets rouges).<\/p>\n<p>T\u00eate dor\u00e9e, titre dor\u00e9 \u00e0 l&rsquo;oeser ivoire \u00e0 la chinoise sur le dos.<\/p>\n<p><a href=\"http:\/\/alainbriand.com\/site\/wp-content\/uploads\/2011\/07\/P1010006.jpg\"><img loading=\"lazy\" decoding=\"async\" class=\"alignnone size-large wp-image-714\" title=\"OLYMPUS DIGITAL CAMERA\" src=\"http:\/\/alainbriand.com\/site\/wp-content\/uploads\/2011\/07\/P1010006-768x1024.jpg\" alt=\"\" width=\"640\" height=\"853\" srcset=\"https:\/\/alainbriand.com\/site\/wp-content\/uploads\/2011\/07\/P1010006-768x1024.jpg 768w, https:\/\/alainbriand.com\/site\/wp-content\/uploads\/2011\/07\/P1010006-225x300.jpg 225w, https:\/\/alainbriand.com\/site\/wp-content\/uploads\/2011\/07\/P1010006.jpg 1536w\" sizes=\"auto, (max-width: 640px) 100vw, 640px\" \/><\/a><!--:--><!--:it--><\/p>\n<p><!--:--><!--:zh--><strong><a href=\"http:\/\/alainbriand.com\/site\/wp-content\/uploads\/2011\/07\/P10100011.jpg\"><img loading=\"lazy\" decoding=\"async\" title=\"OLYMPUS DIGITAL CAMERA\" src=\"http:\/\/alainbriand.com\/site\/wp-content\/uploads\/2011\/07\/P10100011-1024x768.jpg\" alt=\"\" width=\"640\" height=\"480\" \/><\/a><\/strong><\/p>\n<p><!--:--><\/p>\n<p>(English)<\/p>\n<p><strong>Barnabooth<\/strong>, from Valery Larbaud<\/p>\n<p>Black full calf leather bookbinding, mosaic in red shagreen and white lamb parchment on both covers.<\/p>\n<p>Matching paste-paper flyleaves.\u00a0Gold-gilded edges, chinese style golden lettered title with ivory colour oeser (coloured film).<\/p>\n","protected":false},"excerpt":{"rendered":"<p>Barnabooth, de Valery Larbaud. Reliure en plein veau noir, mosa\u00efque en chagrin rouge et parchemin d&rsquo;agneau blanc sur les deux plats. Gardes en papier \u00e0&hellip; <\/p>\n","protected":false},"author":2,"featured_media":0,"parent":9,"menu_order":7,"comment_status":"open","ping_status":"open","template":"","meta":{"footnotes":""},"class_list":["post-711","page","type-page","status-publish","hentry"],"_links":{"self":[{"href":"https:\/\/alainbriand.com\/site\/wp-json\/wp\/v2\/pages\/711","targetHints":{"allow":["GET"]}}],"collection":[{"href":"https:\/\/alainbriand.com\/site\/wp-json\/wp\/v2\/pages"}],"about":[{"href":"https:\/\/alainbriand.com\/site\/wp-json\/wp\/v2\/types\/page"}],"author":[{"embeddable":true,"href":"https:\/\/alainbriand.com\/site\/wp-json\/wp\/v2\/users\/2"}],"replies":[{"embeddable":true,"href":"https:\/\/alainbriand.com\/site\/wp-json\/wp\/v2\/comments?post=711"}],"version-history":[{"count":13,"href":"https:\/\/alainbriand.com\/site\/wp-json\/wp\/v2\/pages\/711\/revisions"}],"predecessor-version":[{"id":2018,"href":"https:\/\/alainbriand.com\/site\/wp-json\/wp\/v2\/pages\/711\/revisions\/2018"}],"up":[{"embeddable":true,"href":"https:\/\/alainbriand.com\/site\/wp-json\/wp\/v2\/pages\/9"}],"wp:attachment":[{"href":"https:\/\/alainbriand.com\/site\/wp-json\/wp\/v2\/media?parent=711"}],"curies":[{"name":"wp","href":"https:\/\/api.w.org\/{rel}","templated":true}]}}