{"id":7,"date":"2010-03-14T17:47:39","date_gmt":"2010-03-14T17:47:39","guid":{"rendered":"http:\/\/alainbriand.com\/site\/?page_id=7"},"modified":"2022-12-22T23:47:06","modified_gmt":"2022-12-22T23:47:06","slug":"contact","status":"publish","type":"page","link":"https:\/\/alainbriand.com\/site\/contact\/","title":{"rendered":"Contact"},"content":{"rendered":"<h2><strong>Alain Briand, Relieur-doreur<\/strong><\/h2>\n<p><strong><br \/>\n<\/strong><span class=\"Apple-style-span\">14 bis rue Andr\u00e9 Pi\u00e9gu,<br \/>\n37370 Bueil-en-Touraine<\/span><\/p>\n<p>T\u00e9l. &amp; Fax : 02.47.75.02.27<br \/>\nMobile : 06.88.82.52.93<br \/>\nCourriel : alain.briand@gmail.com<\/p>\n<p>Pour connaitre et exercer vos droits, notamment de retrait \u00e0 votre consentement sur l&rsquo;utilisation de donn\u00e9es collect\u00e9es par ce formulaire, veuillez consulter notre\u00a0<span style=\"color: #000000;\"><a style=\"color: #000000;\" href=\"https:\/\/alainbriand.com\/site\/politique-de-confidentialite\/\">politique de confidentialit\u00e9<\/a><\/span>.<\/p>\n","protected":false},"excerpt":{"rendered":"<p>Alain Briand, Relieur-doreur 14 bis rue Andr\u00e9 Pi\u00e9gu, 37370 Bueil-en-Touraine T\u00e9l. &amp; Fax : 02.47.75.02.27 Mobile : 06.88.82.52.93 Courriel : alain.briand@gmail.com Pour connaitre et exercer&hellip; <\/p>\n","protected":false},"author":2,"featured_media":0,"parent":0,"menu_order":10,"comment_status":"open","ping_status":"closed","template":"","meta":{"footnotes":""},"class_list":["post-7","page","type-page","status-publish","hentry"],"_links":{"self":[{"href":"https:\/\/alainbriand.com\/site\/wp-json\/wp\/v2\/pages\/7","targetHints":{"allow":["GET"]}}],"collection":[{"href":"https:\/\/alainbriand.com\/site\/wp-json\/wp\/v2\/pages"}],"about":[{"href":"https:\/\/alainbriand.com\/site\/wp-json\/wp\/v2\/types\/page"}],"author":[{"embeddable":true,"href":"https:\/\/alainbriand.com\/site\/wp-json\/wp\/v2\/users\/2"}],"replies":[{"embeddable":true,"href":"https:\/\/alainbriand.com\/site\/wp-json\/wp\/v2\/comments?post=7"}],"version-history":[{"count":32,"href":"https:\/\/alainbriand.com\/site\/wp-json\/wp\/v2\/pages\/7\/revisions"}],"predecessor-version":[{"id":5300,"href":"https:\/\/alainbriand.com\/site\/wp-json\/wp\/v2\/pages\/7\/revisions\/5300"}],"wp:attachment":[{"href":"https:\/\/alainbriand.com\/site\/wp-json\/wp\/v2\/media?parent=7"}],"curies":[{"name":"wp","href":"https:\/\/api.w.org\/{rel}","templated":true}]}}