{"id":430,"date":"2010-11-09T21:41:01","date_gmt":"2010-11-09T21:41:01","guid":{"rendered":"http:\/\/alainbriand.com\/site\/?page_id=430"},"modified":"2018-10-06T17:58:08","modified_gmt":"2018-10-06T17:58:08","slug":"livres-dor","status":"publish","type":"page","link":"https:\/\/alainbriand.com\/site\/atelier\/livres-dor\/","title":{"rendered":"Livres d&rsquo;or"},"content":{"rendered":"<p><!--:de--><\/p>\n<p><!--:--><!--:fr-->Cadeaux personnalis\u00e9s r\u00e9alis\u00e9s \u00e0 l&rsquo;occasion d&rsquo;un mariage, d&rsquo;un anniversaire&#8230;<\/p>\n<p><span style=\"text-decoration: underline;\"><strong>\u00ab\u00a0Amonite\u00a0\u00bb<\/strong><\/span><strong>\u00a0<\/strong>: 24 x 32 cm. Plats en ardoise, dos en cuir, tranches teint\u00e9es en rouge, amonite fossile int\u00e9gr\u00e9e \u00e0 l&rsquo;int\u00e9rieur des pages. Ao\u00fbt 2012.<\/p>\n<p><a href=\"http:\/\/alainbriand.com\/site\/wp-content\/uploads\/2010\/11\/P10100881.jpg\"><img loading=\"lazy\" decoding=\"async\" class=\"alignnone size-medium wp-image-1011\" title=\"OLYMPUS DIGITAL CAMERA\" src=\"http:\/\/alainbriand.com\/site\/wp-content\/uploads\/2010\/11\/P10100881-225x300.jpg\" alt=\"\" width=\"225\" height=\"300\" srcset=\"https:\/\/alainbriand.com\/site\/wp-content\/uploads\/2010\/11\/P10100881-225x300.jpg 225w, https:\/\/alainbriand.com\/site\/wp-content\/uploads\/2010\/11\/P10100881-768x1024.jpg 768w, https:\/\/alainbriand.com\/site\/wp-content\/uploads\/2010\/11\/P10100881.jpg 1536w\" sizes=\"auto, (max-width: 225px) 100vw, 225px\" \/><\/a>\u00a0<a href=\"http:\/\/alainbriand.com\/site\/wp-content\/uploads\/2010\/11\/P1010085.jpg\"><img loading=\"lazy\" decoding=\"async\" class=\"alignnone size-medium wp-image-1012\" title=\"OLYMPUS DIGITAL CAMERA\" src=\"http:\/\/alainbriand.com\/site\/wp-content\/uploads\/2010\/11\/P1010085-300x225.jpg\" alt=\"\" width=\"300\" height=\"225\" srcset=\"https:\/\/alainbriand.com\/site\/wp-content\/uploads\/2010\/11\/P1010085-300x225.jpg 300w, https:\/\/alainbriand.com\/site\/wp-content\/uploads\/2010\/11\/P1010085-1024x768.jpg 1024w, https:\/\/alainbriand.com\/site\/wp-content\/uploads\/2010\/11\/P1010085.jpg 2048w\" sizes=\"auto, (max-width: 300px) 100vw, 300px\" \/><\/a><\/p>\n<p><a href=\"http:\/\/alainbriand.com\/site\/wp-content\/uploads\/2010\/11\/P10100832.jpg\"><img loading=\"lazy\" decoding=\"async\" class=\"alignnone size-large wp-image-1044\" title=\"OLYMPUS DIGITAL CAMERA\" src=\"http:\/\/alainbriand.com\/site\/wp-content\/uploads\/2010\/11\/P10100832-1024x768.jpg\" alt=\"\" width=\"640\" height=\"480\" srcset=\"https:\/\/alainbriand.com\/site\/wp-content\/uploads\/2010\/11\/P10100832-1024x768.jpg 1024w, https:\/\/alainbriand.com\/site\/wp-content\/uploads\/2010\/11\/P10100832-300x225.jpg 300w, https:\/\/alainbriand.com\/site\/wp-content\/uploads\/2010\/11\/P10100832.jpg 2048w\" sizes=\"auto, (max-width: 640px) 100vw, 640px\" \/><\/a><\/p>\n<p><span style=\"text-decoration: underline;\"><strong>\u00ab\u00a0Le livre dort\u00a0\u00bb<\/strong><\/span>\u00a0:\u00a0int\u00e9gr\u00e9 dans un oreiller, afin de coucher sur le papier les r\u00eaves d&rsquo;un groupe de voisins&#8230; R\u00e9alis\u00e9 pour le \u00ab\u00a0puits \u00e0 r\u00eaves\u00a0\u00bb install\u00e9 place des Petites Boucheries \u00e0 Tours par le collectif\u00a0<strong>Pourquoi Pas<\/strong>, dans le cadre du festival \u00ab\u00a0La ville \u00e0 l&rsquo;\u00e9tat gazeux\u00a0\u00bb, du\u00a011 au 17 septembre 2011.<\/p>\n<p><a href=\"http:\/\/alainbriand.com\/site\/wp-content\/uploads\/2010\/11\/P1010075.jpg\"><img loading=\"lazy\" decoding=\"async\" title=\"OLYMPUS DIGITAL CAMERA\" src=\"http:\/\/alainbriand.com\/site\/wp-content\/uploads\/2010\/11\/P1010075-300x225.jpg\" alt=\"\" width=\"300\" height=\"225\" \/><\/a>\u00a0<a href=\"http:\/\/alainbriand.com\/site\/wp-content\/uploads\/2010\/11\/P1010081.jpg\"><img loading=\"lazy\" decoding=\"async\" title=\"OLYMPUS DIGITAL CAMERA\" src=\"http:\/\/alainbriand.com\/site\/wp-content\/uploads\/2010\/11\/P1010081-300x225.jpg\" alt=\"\" width=\"300\" height=\"225\" \/><\/a><\/p>\n<p><span style=\"text-decoration: underline;\"><strong>Piano, piano\u00a0!<\/strong><\/span>\u00a0, Avril 2010. Deux livres compl\u00e9mentaires. Hors-tout\u00a0: 35 x 22 cm<\/p>\n<p><a href=\"http:\/\/alainbriand.com\/site\/wp-content\/uploads\/2010\/09\/08052010224.jpg\"><img loading=\"lazy\" decoding=\"async\" title=\"08052010224\" src=\"http:\/\/alainbriand.com\/site\/wp-content\/uploads\/2010\/09\/08052010224-1024x768.jpg\" alt=\"\" width=\"640\" height=\"480\" \/><\/a><\/p>\n<p><a href=\"http:\/\/alainbriand.com\/site\/wp-content\/uploads\/2010\/09\/08052010225.jpg\"><img loading=\"lazy\" decoding=\"async\" title=\"08052010225\" src=\"http:\/\/alainbriand.com\/site\/wp-content\/uploads\/2010\/09\/08052010225-1024x768.jpg\" alt=\"\" width=\"640\" height=\"480\" \/><\/a><\/p>\n<p><strong><span style=\"text-decoration: underline;\">Marguerite<\/span>,\u00a0<\/strong>diam\u00e8tre 58 cm, \u00e9paisseur 10 cm. Juillet 2009.<strong><a href=\"http:\/\/alainbriand.com\/site\/wp-content\/uploads\/2010\/07\/P1010067.jpg\"><img loading=\"lazy\" decoding=\"async\" class=\"size-large wp-image-117\" title=\"P1010067\" src=\"http:\/\/alainbriand.com\/site\/wp-content\/uploads\/2010\/07\/P1010067-1024x768.jpg\" alt=\"\" width=\"470\" height=\"352\" srcset=\"https:\/\/alainbriand.com\/site\/wp-content\/uploads\/2010\/07\/P1010067-1024x768.jpg 1024w, https:\/\/alainbriand.com\/site\/wp-content\/uploads\/2010\/07\/P1010067-300x225.jpg 300w, https:\/\/alainbriand.com\/site\/wp-content\/uploads\/2010\/07\/P1010067.jpg 2048w\" sizes=\"auto, (max-width: 470px) 100vw, 470px\" \/><\/a><\/strong><\/p>\n<p><strong><span style=\"text-decoration: underline;\">80 ans<\/span>, <\/strong>1\/2 raisin \u00e0 l&rsquo;italienne. Ao\u00fbt 2008.<\/p>\n<p><strong><a href=\"http:\/\/alainbriand.com\/site\/wp-content\/uploads\/2010\/07\/240820091084.jpg\"><img loading=\"lazy\" decoding=\"async\" class=\"size-large wp-image-110\" title=\"24082009108\" src=\"http:\/\/alainbriand.com\/site\/wp-content\/uploads\/2010\/07\/240820091084-1024x768.jpg\" alt=\"\" width=\"470\" height=\"352\" srcset=\"https:\/\/alainbriand.com\/site\/wp-content\/uploads\/2010\/07\/240820091084-1024x768.jpg 1024w, https:\/\/alainbriand.com\/site\/wp-content\/uploads\/2010\/07\/240820091084-300x225.jpg 300w\" sizes=\"auto, (max-width: 470px) 100vw, 470px\" \/><\/a><\/strong><\/p>\n<p><span style=\"font-size: small;\"><span style=\"line-height: 17px;\"><strong><span style=\"text-decoration: underline;\">Pain<\/span><\/strong>, 21 x 15 cm. Juillet 2008.<\/span><\/span><\/p>\n<p><strong><a href=\"http:\/\/alainbriand.com\/site\/wp-content\/uploads\/2010\/07\/P1010190.jpg\"><img loading=\"lazy\" decoding=\"async\" class=\"size-large wp-image-102\" title=\"P1010190\" src=\"http:\/\/alainbriand.com\/site\/wp-content\/uploads\/2010\/07\/P1010190-768x1024.jpg\" alt=\"\" width=\"470\" height=\"626\" srcset=\"https:\/\/alainbriand.com\/site\/wp-content\/uploads\/2010\/07\/P1010190-768x1024.jpg 768w, https:\/\/alainbriand.com\/site\/wp-content\/uploads\/2010\/07\/P1010190-225x300.jpg 225w, https:\/\/alainbriand.com\/site\/wp-content\/uploads\/2010\/07\/P1010190.jpg 1536w\" sizes=\"auto, (max-width: 470px) 100vw, 470px\" \/><\/a><\/strong><\/p>\n<p><span style=\"font-size: small;\"><span style=\"line-height: 17px;\"><strong><span style=\"text-decoration: underline;\">Pomme<\/span><\/strong>, 20 x 23 cm. Septembre 2009.<\/span><\/span><\/p>\n<p><strong><a href=\"http:\/\/alainbriand.com\/site\/wp-content\/uploads\/2010\/07\/P1010094.jpg\"><img loading=\"lazy\" decoding=\"async\" class=\"size-large wp-image-103\" title=\"P1010094\" src=\"http:\/\/alainbriand.com\/site\/wp-content\/uploads\/2010\/07\/P1010094-1024x768.jpg\" alt=\"\" width=\"470\" height=\"352\" srcset=\"https:\/\/alainbriand.com\/site\/wp-content\/uploads\/2010\/07\/P1010094-1024x768.jpg 1024w, https:\/\/alainbriand.com\/site\/wp-content\/uploads\/2010\/07\/P1010094-300x225.jpg 300w, https:\/\/alainbriand.com\/site\/wp-content\/uploads\/2010\/07\/P1010094.jpg 2048w\" sizes=\"auto, (max-width: 470px) 100vw, 470px\" \/><\/a><\/strong><\/p>\n<p>(English)<!--:--><!--:it--><\/p>\n<p>Guest-books: customised presents for wedding, birthday&#8230;<\/p>\n<p><a href=\"http:\/\/alainbriand.com\/site\/wp-content\/uploads\/2010\/07\/P1010067.jpg\"><img loading=\"lazy\" decoding=\"async\" title=\"P1010067\" src=\"http:\/\/alainbriand.com\/site\/wp-content\/uploads\/2010\/07\/P1010067-1024x768.jpg\" alt=\"\" width=\"470\" height=\"352\" \/><\/a><\/p>\n<p><strong><span style=\"text-decoration: underline;\">Daisy<\/span><\/strong>, diametre 58 cm, thickness 10 cm. July 2009.<\/p>\n<p><a href=\"http:\/\/alainbriand.com\/site\/wp-content\/uploads\/2010\/07\/240820091084.jpg\"><img loading=\"lazy\" decoding=\"async\" title=\"24082009108\" src=\"http:\/\/alainbriand.com\/site\/wp-content\/uploads\/2010\/07\/240820091084-1024x768.jpg\" alt=\"\" width=\"470\" height=\"352\" \/><\/a><\/p>\n<p><strong><span style=\"text-decoration: underline;\">80 years-old<\/span><\/strong>, 50 x 32,5 cm, oblong. August 2008<\/p>\n<p><a href=\"http:\/\/alainbriand.com\/site\/wp-content\/uploads\/2010\/07\/P1010190.jpg\"><img loading=\"lazy\" decoding=\"async\" title=\"P1010190\" src=\"http:\/\/alainbriand.com\/site\/wp-content\/uploads\/2010\/07\/P1010190-768x1024.jpg\" alt=\"\" width=\"470\" height=\"626\" \/><\/a><\/p>\n<p><strong><span style=\"text-decoration: underline;\">Bread<\/span><\/strong>, 21 x 15 cm. July 2008<\/p>\n<p><a href=\"http:\/\/alainbriand.com\/site\/wp-content\/uploads\/2010\/07\/P1010094.jpg\"><img loading=\"lazy\" decoding=\"async\" title=\"P1010094\" src=\"http:\/\/alainbriand.com\/site\/wp-content\/uploads\/2010\/07\/P1010094-1024x768.jpg\" alt=\"\" width=\"470\" height=\"352\" \/><\/a><\/p>\n<p><strong><span style=\"text-decoration: underline;\">Apple<\/span><\/strong>, 20 x 23 cm. September 2009.<\/p>\n<p><strong><span style=\"text-decoration: underline;\">Piano, piano !<\/span><\/strong>, April 2010. 2 books. Size : 35 x 22 cm.<\/p>\n<p><a href=\"http:\/\/alainbriand.com\/site\/wp-content\/uploads\/2010\/09\/08052010224.jpg\"><img loading=\"lazy\" decoding=\"async\" title=\"08052010224\" src=\"http:\/\/alainbriand.com\/site\/wp-content\/uploads\/2010\/09\/08052010224-1024x768.jpg\" alt=\"\" width=\"640\" height=\"480\" \/><\/a><\/p>\n<p><a href=\"http:\/\/alainbriand.com\/site\/wp-content\/uploads\/2010\/09\/08052010225.jpg\"><img loading=\"lazy\" decoding=\"async\" title=\"08052010225\" src=\"http:\/\/alainbriand.com\/site\/wp-content\/uploads\/2010\/09\/08052010225-1024x768.jpg\" alt=\"\" width=\"640\" height=\"480\" \/><\/a><\/p>\n","protected":false},"excerpt":{"rendered":"<p>Cadeaux personnalis\u00e9s r\u00e9alis\u00e9s \u00e0 l&rsquo;occasion d&rsquo;un mariage, d&rsquo;un anniversaire&#8230; \u00ab\u00a0Amonite\u00a0\u00bb\u00a0: 24 x 32 cm. Plats en ardoise, dos en cuir, tranches teint\u00e9es en rouge, amonite&hellip; <\/p>\n","protected":false},"author":2,"featured_media":0,"parent":9,"menu_order":9,"comment_status":"open","ping_status":"open","template":"","meta":{"footnotes":""},"class_list":["post-430","page","type-page","status-publish","hentry"],"_links":{"self":[{"href":"https:\/\/alainbriand.com\/site\/wp-json\/wp\/v2\/pages\/430","targetHints":{"allow":["GET"]}}],"collection":[{"href":"https:\/\/alainbriand.com\/site\/wp-json\/wp\/v2\/pages"}],"about":[{"href":"https:\/\/alainbriand.com\/site\/wp-json\/wp\/v2\/types\/page"}],"author":[{"embeddable":true,"href":"https:\/\/alainbriand.com\/site\/wp-json\/wp\/v2\/users\/2"}],"replies":[{"embeddable":true,"href":"https:\/\/alainbriand.com\/site\/wp-json\/wp\/v2\/comments?post=430"}],"version-history":[{"count":17,"href":"https:\/\/alainbriand.com\/site\/wp-json\/wp\/v2\/pages\/430\/revisions"}],"predecessor-version":[{"id":546,"href":"https:\/\/alainbriand.com\/site\/wp-json\/wp\/v2\/pages\/430\/revisions\/546"}],"up":[{"embeddable":true,"href":"https:\/\/alainbriand.com\/site\/wp-json\/wp\/v2\/pages\/9"}],"wp:attachment":[{"href":"https:\/\/alainbriand.com\/site\/wp-json\/wp\/v2\/media?parent=430"}],"curies":[{"name":"wp","href":"https:\/\/api.w.org\/{rel}","templated":true}]}}