{"id":412,"date":"2010-11-06T13:30:04","date_gmt":"2010-11-06T13:30:04","guid":{"rendered":"http:\/\/alainbriand.com\/site\/?page_id=412"},"modified":"2019-04-14T18:05:29","modified_gmt":"2019-04-14T18:05:29","slug":"alter-ego-2","status":"publish","type":"page","link":"https:\/\/alainbriand.com\/site\/livres-objets\/alter-ego-2\/","title":{"rendered":"Alter ego"},"content":{"rendered":"<p><!--:--><!--:fr-->Dos en chagrin vert pomme, couverture en papier marbr\u00e9 \u00e0 la main et poids d\u2019halt\u00e9rophilie. Titre or. Hors tout\u00a0: 38 x 25 cm. Vendu au poids, modulable de 5 \u00e0 10 kg. <span class=\"Apple-style-span\">Tours, Mai 2010.<\/span><a href=\"http:\/\/alainbriand.com\/site\/wp-content\/uploads\/2010\/09\/P10101591.jpg\"><img loading=\"lazy\" decoding=\"async\" class=\"alignnone size-large wp-image-386\" title=\"OLYMPUS DIGITAL CAMERA\" src=\"http:\/\/alainbriand.com\/site\/wp-content\/uploads\/2010\/09\/P10101591-768x1024.jpg\" alt=\"\" width=\"640\" height=\"853\" srcset=\"https:\/\/alainbriand.com\/site\/wp-content\/uploads\/2010\/09\/P10101591-768x1024.jpg 768w, https:\/\/alainbriand.com\/site\/wp-content\/uploads\/2010\/09\/P10101591-225x300.jpg 225w, https:\/\/alainbriand.com\/site\/wp-content\/uploads\/2010\/09\/P10101591.jpg 1536w\" sizes=\"auto, (max-width: 640px) 100vw, 640px\" \/><\/a><\/p>\n<p><strong><span style=\"text-decoration: underline;\">Alter ego.<\/span><\/strong>\u00a0Dos en maroquin rouge, couverture en soie marbr\u00e9e \u00e0 la main et poids d\u2019halt\u00e9rophilie. Titre or. Hors tout\u00a0: 36 x 25 cm. Vendu au poids, modulable de 5 \u00e0 10 kg. <span class=\"Apple-style-span\">Tours, Mai 2010.<\/span><a href=\"http:\/\/alainbriand.com\/site\/wp-content\/uploads\/2010\/09\/P1010154.jpg\"><img loading=\"lazy\" decoding=\"async\" class=\"alignnone size-large wp-image-387\" title=\"OLYMPUS DIGITAL CAMERA\" src=\"http:\/\/alainbriand.com\/site\/wp-content\/uploads\/2010\/09\/P1010154-1024x768.jpg\" alt=\"\" width=\"640\" height=\"480\" srcset=\"https:\/\/alainbriand.com\/site\/wp-content\/uploads\/2010\/09\/P1010154-1024x768.jpg 1024w, https:\/\/alainbriand.com\/site\/wp-content\/uploads\/2010\/09\/P1010154-300x225.jpg 300w, https:\/\/alainbriand.com\/site\/wp-content\/uploads\/2010\/09\/P1010154.jpg 2048w\" sizes=\"auto, (max-width: 640px) 100vw, 640px\" \/><\/a><\/p>\n<p><strong><span style=\"text-decoration: underline;\">Alter ego.<\/span><\/strong>\u00a0 Dos en veau teint\u00e9 blond roux, couverture en papier marbr\u00e9 \u00e0 la main et poids d\u2019halt\u00e9rophilie. Titre or. Hors tout\u00a0: 28 x 25 cm. Vendu au poids, modulable de 5 \u00e0 10 kg. \u00a0<span class=\"Apple-style-span\">Tours, Mai 2010.<\/span><a href=\"http:\/\/alainbriand.com\/site\/wp-content\/uploads\/2010\/09\/P1010151.jpg\"><img loading=\"lazy\" decoding=\"async\" class=\"alignnone size-large wp-image-388\" title=\"OLYMPUS DIGITAL CAMERA\" src=\"http:\/\/alainbriand.com\/site\/wp-content\/uploads\/2010\/09\/P1010151-1024x768.jpg\" alt=\"\" width=\"640\" height=\"480\" srcset=\"https:\/\/alainbriand.com\/site\/wp-content\/uploads\/2010\/09\/P1010151-1024x768.jpg 1024w, https:\/\/alainbriand.com\/site\/wp-content\/uploads\/2010\/09\/P1010151-300x225.jpg 300w, https:\/\/alainbriand.com\/site\/wp-content\/uploads\/2010\/09\/P1010151.jpg 2048w\" sizes=\"auto, (max-width: 640px) 100vw, 640px\" \/><\/a><\/p>\n<p><!--:--><\/p>\n","protected":false},"excerpt":{"rendered":"<p>Dos en chagrin vert pomme, couverture en papier marbr\u00e9 \u00e0 la main et poids d\u2019halt\u00e9rophilie. Titre or. Hors tout\u00a0: 38 x 25 cm. Vendu au&hellip; <\/p>\n","protected":false},"author":2,"featured_media":0,"parent":187,"menu_order":8,"comment_status":"open","ping_status":"open","template":"","meta":{"footnotes":""},"class_list":["post-412","page","type-page","status-publish","hentry"],"_links":{"self":[{"href":"https:\/\/alainbriand.com\/site\/wp-json\/wp\/v2\/pages\/412","targetHints":{"allow":["GET"]}}],"collection":[{"href":"https:\/\/alainbriand.com\/site\/wp-json\/wp\/v2\/pages"}],"about":[{"href":"https:\/\/alainbriand.com\/site\/wp-json\/wp\/v2\/types\/page"}],"author":[{"embeddable":true,"href":"https:\/\/alainbriand.com\/site\/wp-json\/wp\/v2\/users\/2"}],"replies":[{"embeddable":true,"href":"https:\/\/alainbriand.com\/site\/wp-json\/wp\/v2\/comments?post=412"}],"version-history":[{"count":24,"href":"https:\/\/alainbriand.com\/site\/wp-json\/wp\/v2\/pages\/412\/revisions"}],"predecessor-version":[{"id":2037,"href":"https:\/\/alainbriand.com\/site\/wp-json\/wp\/v2\/pages\/412\/revisions\/2037"}],"up":[{"embeddable":true,"href":"https:\/\/alainbriand.com\/site\/wp-json\/wp\/v2\/pages\/187"}],"wp:attachment":[{"href":"https:\/\/alainbriand.com\/site\/wp-json\/wp\/v2\/media?parent=412"}],"curies":[{"name":"wp","href":"https:\/\/api.w.org\/{rel}","templated":true}]}}