{"id":402,"date":"2010-11-06T13:25:33","date_gmt":"2010-11-06T13:25:33","guid":{"rendered":"http:\/\/alainbriand.com\/site\/?page_id=402"},"modified":"2019-04-14T18:13:14","modified_gmt":"2019-04-14T18:13:14","slug":"paves","status":"publish","type":"page","link":"https:\/\/alainbriand.com\/site\/livres-objets\/paves\/","title":{"rendered":"Pav\u00e9s"},"content":{"rendered":"<p><!--:--><!--:fr--><strong><span style=\"text-decoration: underline;\">Pav\u00e9 de bonnes intentions. Tome I.<\/span><\/strong><\/p>\n<p>Alain Briand, 2004.<\/p>\n<p>Pav\u00e9 de la rue de Bourgogne \u00e0 Orl\u00e9ans. Embo\u00eetage dos arrondi en chagrin noir. Titre or.<\/p>\n<p>Format : 28 x 21,5 cm. \u00e9paisseur : 11,5 cm. Poids : 10 kg. <a href=\"http:\/\/alainbriand.com\/site\/wp-content\/uploads\/2010\/03\/P1010011_1.jpg\"><img loading=\"lazy\" decoding=\"async\" class=\"alignnone size-large wp-image-40\" title=\"P1010011_1\" src=\"http:\/\/alainbriand.com\/site\/wp-content\/uploads\/2010\/03\/P1010011_1-768x1024.jpg\" alt=\"\" width=\"470\" height=\"626\" srcset=\"https:\/\/alainbriand.com\/site\/wp-content\/uploads\/2010\/03\/P1010011_1-768x1024.jpg 768w, https:\/\/alainbriand.com\/site\/wp-content\/uploads\/2010\/03\/P1010011_1-225x300.jpg 225w, https:\/\/alainbriand.com\/site\/wp-content\/uploads\/2010\/03\/P1010011_1.jpg 1536w\" sizes=\"auto, (max-width: 470px) 100vw, 470px\" \/><\/a><\/p>\n<p><strong><span style=\"text-decoration: underline;\">Pav\u00e9 de bonnes intentions. Tome II.<\/span><\/strong>\u00a0Alain Briand, Mai 2010.<\/p>\n<p>Pav\u00e9 jocondien. Embo\u00eetage dos arrondi en\u00a0 chagrin noir. Titre or.<\/p>\n<p>13 x 13 cm. Epaisseur\u00a0: 7 cm. Poids\u00a0: 2,2 kg. \u00a0 \u00a0 \u00a0 \u00a0 \u00a0 \u00a0 \u00a0 \u00a0 \u00a0 \u00a0 \u00a0 \u00a0 \u00a0 \u00a0 \u00a0 \u00a0 \u00a0 <span style=\"color: #ff0000;\">VENDU<\/span> <a href=\"http:\/\/alainbriand.com\/site\/wp-content\/uploads\/2010\/11\/P10100473.jpg\"><img loading=\"lazy\" decoding=\"async\" class=\"alignnone size-large wp-image-373\" title=\"OLYMPUS DIGITAL CAMERA\" src=\"http:\/\/alainbriand.com\/site\/wp-content\/uploads\/2010\/11\/P10100473-768x1024.jpg\" alt=\"\" width=\"640\" height=\"853\" srcset=\"https:\/\/alainbriand.com\/site\/wp-content\/uploads\/2010\/11\/P10100473-768x1024.jpg 768w, https:\/\/alainbriand.com\/site\/wp-content\/uploads\/2010\/11\/P10100473-225x300.jpg 225w, https:\/\/alainbriand.com\/site\/wp-content\/uploads\/2010\/11\/P10100473.jpg 1536w\" sizes=\"auto, (max-width: 640px) 100vw, 640px\" \/><\/a><\/p>\n<p><strong><span style=\"text-decoration: underline;\">Pav\u00e9 de bonnes intentions. Tome III.<\/span><\/strong><\/p>\n<p>Alain Briand, Mai 2010. Pav\u00e9 d&rsquo;Angers (49).<\/p>\n<p>Embo\u00eetage dos arrondi en chagrin brun clair. Titre or.<\/p>\n<p>14 x 14 cm. Epaisseur\u00a0: 9 cm. Poids\u00a0: 3,6 kg. <a href=\"http:\/\/alainbriand.com\/site\/wp-content\/uploads\/2010\/11\/P10100361.jpg\"><img loading=\"lazy\" decoding=\"async\" class=\"alignnone size-large wp-image-375\" title=\"OLYMPUS DIGITAL CAMERA\" src=\"http:\/\/alainbriand.com\/site\/wp-content\/uploads\/2010\/11\/P10100361-1024x768.jpg\" alt=\"\" width=\"640\" height=\"480\" srcset=\"https:\/\/alainbriand.com\/site\/wp-content\/uploads\/2010\/11\/P10100361-1024x768.jpg 1024w, https:\/\/alainbriand.com\/site\/wp-content\/uploads\/2010\/11\/P10100361-300x225.jpg 300w, https:\/\/alainbriand.com\/site\/wp-content\/uploads\/2010\/11\/P10100361.jpg 2048w\" sizes=\"auto, (max-width: 640px) 100vw, 640px\" \/><\/a><\/p>\n<p><strong><span style=\"text-decoration: underline;\">Pav\u00e9 de bonnes intentions. Tome V.<\/span><\/strong><\/p>\n<p>Alain Briand, Mai 2010.<\/p>\n<p>Pav\u00e9 de Leeds (Angleterre). Embo\u00eetage dos arrondi en\u00a0 chagrin rouge. Titre or.<\/p>\n<p>20 x 16,5 cm. Epaisseur\u00a0: 16,5 cm. Poids\u00a0: 5 kg. <a href=\"http:\/\/alainbriand.com\/site\/wp-content\/uploads\/2010\/11\/P1010052.jpg\"><img loading=\"lazy\" decoding=\"async\" class=\"alignnone size-large wp-image-382\" title=\"OLYMPUS DIGITAL CAMERA\" src=\"http:\/\/alainbriand.com\/site\/wp-content\/uploads\/2010\/11\/P1010052-768x1024.jpg\" alt=\"\" width=\"640\" height=\"853\" srcset=\"https:\/\/alainbriand.com\/site\/wp-content\/uploads\/2010\/11\/P1010052-768x1024.jpg 768w, https:\/\/alainbriand.com\/site\/wp-content\/uploads\/2010\/11\/P1010052-225x300.jpg 225w, https:\/\/alainbriand.com\/site\/wp-content\/uploads\/2010\/11\/P1010052.jpg 1536w\" sizes=\"auto, (max-width: 640px) 100vw, 640px\" \/><\/a> <strong><span style=\"text-decoration: underline;\">K\u00f6lner Pflaster.<\/span><\/strong><\/p>\n<p>Alain Briand, Mai 2010.<\/p>\n<p>Pav\u00e9 de K\u00f6ln (Allemagne). Embo\u00eetage dos carr\u00e9 en bande velpeau. Titre noir sur sparadrap.<\/p>\n<p>11 x 10,5 cm. Epaisseur\u00a0: 9,5 cm. Poids\u00a0: 1,9 kg. <a href=\"http:\/\/alainbriand.com\/site\/wp-content\/uploads\/2010\/11\/P1010062.jpg\"><img loading=\"lazy\" decoding=\"async\" class=\"alignnone size-large wp-image-377\" title=\"OLYMPUS DIGITAL CAMERA\" src=\"http:\/\/alainbriand.com\/site\/wp-content\/uploads\/2010\/11\/P1010062-768x1024.jpg\" alt=\"\" width=\"640\" height=\"853\" srcset=\"https:\/\/alainbriand.com\/site\/wp-content\/uploads\/2010\/11\/P1010062-768x1024.jpg 768w, https:\/\/alainbriand.com\/site\/wp-content\/uploads\/2010\/11\/P1010062-225x300.jpg 225w, https:\/\/alainbriand.com\/site\/wp-content\/uploads\/2010\/11\/P1010062.jpg 1536w\" sizes=\"auto, (max-width: 640px) 100vw, 640px\" \/><\/a><\/p>\n<p><strong><span style=\"text-decoration: underline;\">Pav\u00e9s de 68. Mai\/mAi\/maI.<\/span><\/strong><\/p>\n<p>Alain Briand, Mai 2010.<\/p>\n<p>S\u00e9rie de 3 pav\u00e9s de 68&#8230; Embo\u00eetage dos carr\u00e9 en toile Buckram de 3 rouges diff\u00e9rents. Titre or.<\/p>\n<p>8 x 8 cm. Epaisseur\u00a0: 8 cm. Poids\u00a0: 3 fois 0,9 kg.\u00a0\u00a0\u00a0\u00a0\u00a0 <span style=\"color: #ff0000;\">1 EX VENDU<\/span><a href=\"http:\/\/alainbriand.com\/site\/wp-content\/uploads\/2010\/11\/P10100431.jpg\"><img loading=\"lazy\" decoding=\"async\" class=\"alignnone size-large wp-image-405\" title=\"OLYMPUS DIGITAL CAMERA\" src=\"http:\/\/alainbriand.com\/site\/wp-content\/uploads\/2010\/11\/P10100431-1024x768.jpg\" alt=\"\" width=\"640\" height=\"480\" srcset=\"https:\/\/alainbriand.com\/site\/wp-content\/uploads\/2010\/11\/P10100431-1024x768.jpg 1024w, https:\/\/alainbriand.com\/site\/wp-content\/uploads\/2010\/11\/P10100431-300x225.jpg 300w, https:\/\/alainbriand.com\/site\/wp-content\/uploads\/2010\/11\/P10100431.jpg 2048w\" sizes=\"auto, (max-width: 640px) 100vw, 640px\" \/><\/a> <strong><span style=\"text-decoration: underline;\"><img loading=\"lazy\" decoding=\"async\" class=\"alignnone size-large wp-image-406\" title=\"OLYMPUS DIGITAL CAMERA\" src=\"http:\/\/alainbriand.com\/site\/wp-content\/uploads\/2010\/11\/P10100581-1024x768.jpg\" alt=\"\" width=\"640\" height=\"480\" srcset=\"https:\/\/alainbriand.com\/site\/wp-content\/uploads\/2010\/11\/P10100581-1024x768.jpg 1024w, https:\/\/alainbriand.com\/site\/wp-content\/uploads\/2010\/11\/P10100581-300x225.jpg 300w, https:\/\/alainbriand.com\/site\/wp-content\/uploads\/2010\/11\/P10100581.jpg 2048w\" sizes=\"auto, (max-width: 640px) 100vw, 640px\" \/> <\/span><\/strong><\/p>\n<p><!--:--><!--:it-->In Francese, la parola \u201cpav\u00e9\u201d significa \u201cselciato\u201d e pu\u00f2 anche descrivere un libro grosso : un \u201cmattone\u201d.<\/p>\n<p>&nbsp;<\/p>\n<p><strong><span style=\"text-decoration: underline;\">Pav\u00e9 de bonnes intentions. Tomo I.<\/span><\/strong><\/p>\n<p>(\u201clastricato di buone intenzioni\u201d o \u201cun mattone\/grosso libro di buone intenzioni\u201d)<\/p>\n<p>Alain Briand, 2004.<\/p>\n<p>Selciato della via de Bourgogne a Orl\u00e9ans (Francia).\u00a0Incastro dorso arrotondato in zigrino nero.<\/p>\n<p>Titolo in oro. Formato: 28 x 21,5 cm. Spessore: 11,5 cm.<\/p>\n<p>Peso: 10 chili.<\/p>\n<p><a href=\"http:\/\/alainbriand.com\/site\/wp-content\/uploads\/2010\/03\/P1010011_1.jpg\"><img loading=\"lazy\" decoding=\"async\" title=\"P1010011_1\" src=\"http:\/\/alainbriand.com\/site\/wp-content\/uploads\/2010\/03\/P1010011_1-768x1024.jpg\" alt=\"\" width=\"470\" height=\"626\" \/><\/a><\/p>\n<p><strong><span style=\"text-decoration: underline;\">Pav\u00e9 de bonnes intentions. Tomo II.<\/span><\/strong><\/p>\n<p>Alain Briand, Maggio 2010.<\/p>\n<p>Selciato di Jou\u00e9-l\u00e8s-Tours (Francia)<\/p>\n<p>Incastro dorso arrotondato in zigrino nero.<\/p>\n<p>Titolo in oro. 13 x 13 cm. Spessore: 7 cm.<\/p>\n<p>Peso: 2,2 chili. \u00a0 \u00a0 \u00a0 \u00a0 \u00a0 \u00a0 \u00a0 \u00a0 \u00a0 \u00a0 \u00a0<span style=\"color: #ff0000;\"> VENDU<\/span><\/p>\n<p><a href=\"http:\/\/alainbriand.com\/site\/wp-content\/uploads\/2010\/11\/P10100473.jpg\"><img loading=\"lazy\" decoding=\"async\" title=\"OLYMPUS DIGITAL CAMERA\" src=\"http:\/\/alainbriand.com\/site\/wp-content\/uploads\/2010\/11\/P10100473-768x1024.jpg\" alt=\"\" width=\"640\" height=\"853\" \/><\/a><\/p>\n<p><strong><span style=\"text-decoration: underline;\">Pav\u00e9 de bonnes intentions. Tomo III.<\/span><\/strong><\/p>\n<p>Alain Briand, Maggio 2010.<\/p>\n<p>Selciato di Angers (Francia).\u00a0Incastro dorso arrotondato in zigrino marrone chiaro.<\/p>\n<p>Titolo in oro. 14 x 14 cm.Spessore: 9 cm.<\/p>\n<p>Peso: 3,6 chili.<\/p>\n<p><a href=\"http:\/\/alainbriand.com\/site\/wp-content\/uploads\/2010\/11\/P10100361.jpg\"><img loading=\"lazy\" decoding=\"async\" title=\"OLYMPUS DIGITAL CAMERA\" src=\"http:\/\/alainbriand.com\/site\/wp-content\/uploads\/2010\/11\/P10100361-1024x768.jpg\" alt=\"\" width=\"640\" height=\"480\" \/><\/a><\/p>\n<p><strong><span style=\"text-decoration: underline;\">Pav\u00e9 de bonnes intentions. Tomo V.<\/span><\/strong><\/p>\n<p>Alain Briand, Maggio 2010.<\/p>\n<p>Selciato di Leeds (Inghilterra). Incastro dorso arrotondato in zigrino rosso.<\/p>\n<p>Titolo in oro. 20 x 16,5 cm. Spessore: 16,5 cm.<\/p>\n<p>Peso: 5 chili<\/p>\n<p><a href=\"http:\/\/alainbriand.com\/site\/wp-content\/uploads\/2010\/11\/P1010052.jpg\"><img loading=\"lazy\" decoding=\"async\" title=\"OLYMPUS DIGITAL CAMERA\" src=\"http:\/\/alainbriand.com\/site\/wp-content\/uploads\/2010\/11\/P1010052-768x1024.jpg\" alt=\"\" width=\"640\" height=\"853\" \/><\/a><\/p>\n<p><strong><span style=\"text-decoration: underline;\">K\u00f6lner Pflaster <\/span><\/strong>.<\/p>\n<p>(In Tedesco, la parola \u201cPflaster\u201d significa sia \u201cselciato\u201d che \u201cbenda\u201d.)<\/p>\n<p>Alain Briand, Maggio 2010.<\/p>\n<p>Selciato di K\u00f6ln (Germania).\u00a0Incastro dorso quadrato coperto di benda.<\/p>\n<p>Titolo nero su cerotto. 11 x 10,5 cm. Spessore: 9,5 cm.<\/p>\n<p>Peso: 1,9 chili.<\/p>\n<p><a href=\"http:\/\/alainbriand.com\/site\/wp-content\/uploads\/2010\/11\/P1010062.jpg\"><img loading=\"lazy\" decoding=\"async\" title=\"OLYMPUS DIGITAL CAMERA\" src=\"http:\/\/alainbriand.com\/site\/wp-content\/uploads\/2010\/11\/P1010062-768x1024.jpg\" alt=\"\" width=\"640\" height=\"853\" \/><\/a><\/p>\n<p><strong><span style=\"text-decoration: underline;\">Pav\u00e9s de 68. Mai\/mAi\/maI. <\/span><\/strong>(\u201cMai\u201d = \u201cMaggio\u00a0\u00bb)<\/p>\n<p>Alain Briand, Maggio 2010.<\/p>\n<p>Seria di tre selciati di 68\u2026 Incastro dorso quadrato in tela \u00ab\u00a0Buckram\u00a0\u00bb di 3 rossi diversi.<\/p>\n<p>Titolo in oro. 8 x 8 cm. Spessore: 8 cm.<\/p>\n<p>Peso: 3 volte 0,9 chilo.<\/p>\n<p><a href=\"http:\/\/alainbriand.com\/site\/wp-content\/uploads\/2010\/11\/P10100431.jpg\"><img loading=\"lazy\" decoding=\"async\" title=\"OLYMPUS DIGITAL CAMERA\" src=\"http:\/\/alainbriand.com\/site\/wp-content\/uploads\/2010\/11\/P10100431-1024x768.jpg\" alt=\"\" width=\"640\" height=\"480\" \/><\/a><\/p>\n<p><img loading=\"lazy\" decoding=\"async\" title=\"OLYMPUS DIGITAL CAMERA\" src=\"http:\/\/alainbriand.com\/site\/wp-content\/uploads\/2010\/11\/P10100581-1024x768.jpg\" alt=\"\" width=\"640\" height=\"480\" \/><\/p>\n<p><!--:--><!--:zh--><a href=\"http:\/\/alainbriand.com\/site\/wp-content\/uploads\/2010\/03\/P1010011_1.jpg\"><img loading=\"lazy\" decoding=\"async\" title=\"P1010011_1\" src=\"http:\/\/alainbriand.com\/site\/wp-content\/uploads\/2010\/03\/P1010011_1-768x1024.jpg\" alt=\"\" width=\"470\" height=\"626\" \/><\/a> <a href=\"http:\/\/alainbriand.com\/site\/wp-content\/uploads\/2010\/11\/P10100473.jpg\"><img loading=\"lazy\" decoding=\"async\" title=\"OLYMPUS DIGITAL CAMERA\" src=\"http:\/\/alainbriand.com\/site\/wp-content\/uploads\/2010\/11\/P10100473-768x1024.jpg\" alt=\"\" width=\"640\" height=\"853\" \/><\/a> <a href=\"http:\/\/alainbriand.com\/site\/wp-content\/uploads\/2010\/11\/P10100361.jpg\"><img loading=\"lazy\" decoding=\"async\" title=\"OLYMPUS DIGITAL CAMERA\" src=\"http:\/\/alainbriand.com\/site\/wp-content\/uploads\/2010\/11\/P10100361-1024x768.jpg\" alt=\"\" width=\"640\" height=\"480\" \/><\/a> <a href=\"http:\/\/alainbriand.com\/site\/wp-content\/uploads\/2010\/11\/P1010052.jpg\"><img loading=\"lazy\" decoding=\"async\" title=\"OLYMPUS DIGITAL CAMERA\" src=\"http:\/\/alainbriand.com\/site\/wp-content\/uploads\/2010\/11\/P1010052-768x1024.jpg\" alt=\"\" width=\"640\" height=\"853\" \/><\/a> <a href=\"http:\/\/alainbriand.com\/site\/wp-content\/uploads\/2010\/11\/P1010062.jpg\"><img loading=\"lazy\" decoding=\"async\" title=\"OLYMPUS DIGITAL CAMERA\" src=\"http:\/\/alainbriand.com\/site\/wp-content\/uploads\/2010\/11\/P1010062-768x1024.jpg\" alt=\"\" width=\"640\" height=\"853\" \/><\/a><\/p>\n<p><!--:--><\/p>\n","protected":false},"excerpt":{"rendered":"<p>Pav\u00e9 de bonnes intentions. Tome I. Alain Briand, 2004. Pav\u00e9 de la rue de Bourgogne \u00e0 Orl\u00e9ans. Embo\u00eetage dos arrondi en chagrin noir. Titre or.&hellip; <\/p>\n","protected":false},"author":2,"featured_media":0,"parent":187,"menu_order":12,"comment_status":"open","ping_status":"open","template":"","meta":{"footnotes":""},"class_list":["post-402","page","type-page","status-publish","hentry"],"_links":{"self":[{"href":"https:\/\/alainbriand.com\/site\/wp-json\/wp\/v2\/pages\/402","targetHints":{"allow":["GET"]}}],"collection":[{"href":"https:\/\/alainbriand.com\/site\/wp-json\/wp\/v2\/pages"}],"about":[{"href":"https:\/\/alainbriand.com\/site\/wp-json\/wp\/v2\/types\/page"}],"author":[{"embeddable":true,"href":"https:\/\/alainbriand.com\/site\/wp-json\/wp\/v2\/users\/2"}],"replies":[{"embeddable":true,"href":"https:\/\/alainbriand.com\/site\/wp-json\/wp\/v2\/comments?post=402"}],"version-history":[{"count":18,"href":"https:\/\/alainbriand.com\/site\/wp-json\/wp\/v2\/pages\/402\/revisions"}],"predecessor-version":[{"id":2045,"href":"https:\/\/alainbriand.com\/site\/wp-json\/wp\/v2\/pages\/402\/revisions\/2045"}],"up":[{"embeddable":true,"href":"https:\/\/alainbriand.com\/site\/wp-json\/wp\/v2\/pages\/187"}],"wp:attachment":[{"href":"https:\/\/alainbriand.com\/site\/wp-json\/wp\/v2\/media?parent=402"}],"curies":[{"name":"wp","href":"https:\/\/api.w.org\/{rel}","templated":true}]}}