{"id":336,"date":"2010-11-02T19:47:39","date_gmt":"2010-11-02T19:47:39","guid":{"rendered":"http:\/\/alainbriand.com\/site\/?page_id=336"},"modified":"2019-04-14T17:55:52","modified_gmt":"2019-04-14T17:55:52","slug":"pecheur-dislande","status":"publish","type":"page","link":"https:\/\/alainbriand.com\/site\/livres-objets\/pecheur-dislande\/","title":{"rendered":"P\u00eacheur d&rsquo;Islande"},"content":{"rendered":"<p><!--:de--><\/p>\n<div><\/div>\n<p><!--:--><!--:fr-->Pierre Loti, Paris, 1886.<\/p>\n<p>R\u00e9-\u00e9dition sp\u00e9ciale pour les Biennales de la reliure d&rsquo;art, 2000.\u00a0Concours de reliure international de Saint-Jean-de-Luz de septembre 2001.<\/p>\n<p>2 exemplaires trait\u00e9s diff\u00e9remment :<\/p>\n<p>1- Partenariat avec les tricots Saint-James et Guy Cotten : plats couverts en tricot ray\u00e9 marin et \u00e9tui en cir\u00e9 jaune.<\/p>\n<p><a href=\"http:\/\/alainbriand.com\/site\/wp-content\/uploads\/2010\/11\/P10100681.jpg\"><img loading=\"lazy\" decoding=\"async\" class=\"alignnone size-large wp-image-329\" title=\"OLYMPUS DIGITAL CAMERA\" src=\"http:\/\/alainbriand.com\/site\/wp-content\/uploads\/2010\/11\/P10100681-768x1024.jpg\" alt=\"\" width=\"640\" height=\"853\" srcset=\"https:\/\/alainbriand.com\/site\/wp-content\/uploads\/2010\/11\/P10100681-768x1024.jpg 768w, https:\/\/alainbriand.com\/site\/wp-content\/uploads\/2010\/11\/P10100681-225x300.jpg 225w, https:\/\/alainbriand.com\/site\/wp-content\/uploads\/2010\/11\/P10100681.jpg 1536w\" sizes=\"auto, (max-width: 640px) 100vw, 640px\" \/><\/a><\/p>\n<p>2- Livre-objet cousu sur hame\u00e7ons avec du fil de p\u00eache et plac\u00e9 dans une boite ( livre \u00ab\u00a0pan\u00e9\u00a0\u00bb avec les yeux dans les coins&#8230;).<\/p>\n<p><a href=\"http:\/\/alainbriand.com\/site\/wp-content\/uploads\/2010\/11\/P1010080.jpg\"><img loading=\"lazy\" decoding=\"async\" class=\"alignnone size-large wp-image-330\" title=\"OLYMPUS DIGITAL CAMERA\" src=\"http:\/\/alainbriand.com\/site\/wp-content\/uploads\/2010\/11\/P1010080-768x1024.jpg\" alt=\"\" width=\"640\" height=\"853\" srcset=\"https:\/\/alainbriand.com\/site\/wp-content\/uploads\/2010\/11\/P1010080-768x1024.jpg 768w, https:\/\/alainbriand.com\/site\/wp-content\/uploads\/2010\/11\/P1010080-225x300.jpg 225w, https:\/\/alainbriand.com\/site\/wp-content\/uploads\/2010\/11\/P1010080.jpg 1536w\" sizes=\"auto, (max-width: 640px) 100vw, 640px\" \/><\/a><!--:--><!--:it--><\/p>\n<p>&nbsp;<\/p>\n","protected":false},"excerpt":{"rendered":"<p>Pierre Loti, Paris, 1886. R\u00e9-\u00e9dition sp\u00e9ciale pour les Biennales de la reliure d&rsquo;art, 2000.\u00a0Concours de reliure international de Saint-Jean-de-Luz de septembre 2001. 2 exemplaires trait\u00e9s&hellip; <\/p>\n","protected":false},"author":2,"featured_media":0,"parent":187,"menu_order":15,"comment_status":"open","ping_status":"open","template":"","meta":{"footnotes":""},"class_list":["post-336","page","type-page","status-publish","hentry"],"_links":{"self":[{"href":"https:\/\/alainbriand.com\/site\/wp-json\/wp\/v2\/pages\/336","targetHints":{"allow":["GET"]}}],"collection":[{"href":"https:\/\/alainbriand.com\/site\/wp-json\/wp\/v2\/pages"}],"about":[{"href":"https:\/\/alainbriand.com\/site\/wp-json\/wp\/v2\/types\/page"}],"author":[{"embeddable":true,"href":"https:\/\/alainbriand.com\/site\/wp-json\/wp\/v2\/users\/2"}],"replies":[{"embeddable":true,"href":"https:\/\/alainbriand.com\/site\/wp-json\/wp\/v2\/comments?post=336"}],"version-history":[{"count":13,"href":"https:\/\/alainbriand.com\/site\/wp-json\/wp\/v2\/pages\/336\/revisions"}],"predecessor-version":[{"id":2026,"href":"https:\/\/alainbriand.com\/site\/wp-json\/wp\/v2\/pages\/336\/revisions\/2026"}],"up":[{"embeddable":true,"href":"https:\/\/alainbriand.com\/site\/wp-json\/wp\/v2\/pages\/187"}],"wp:attachment":[{"href":"https:\/\/alainbriand.com\/site\/wp-json\/wp\/v2\/media?parent=336"}],"curies":[{"name":"wp","href":"https:\/\/api.w.org\/{rel}","templated":true}]}}