{"id":241,"date":"2010-09-12T20:10:52","date_gmt":"2010-09-12T20:10:52","guid":{"rendered":"http:\/\/alainbriand.com\/site\/?page_id=241"},"modified":"2021-04-13T20:00:16","modified_gmt":"2021-04-13T20:00:16","slug":"venise","status":"publish","type":"page","link":"https:\/\/alainbriand.com\/site\/atelier\/venise\/","title":{"rendered":"Venise"},"content":{"rendered":"<p><!--:de--><\/p>\n<p>Aquarelles et lavis de Fran\u00e7ois Salvat.<\/p>\n<p>\u00ab\u00a0Livre-sculpture\u00a0\u00bb, format 58 x 40 x 30 cm. R\u00e9alis\u00e9 en novembre 2009.<\/p>\n<p>Veau naturel teint\u00e9, papier et soie marbr\u00e9s, \u00ab ferro \u00bb en inox poli, prismes en verre&#8230;<\/p>\n<p>Photos plus r\u00e9centes <a href=\"https:\/\/alainbriand.com\/site\/venise\/\">ici<\/a>.<\/p>\n<p><a href=\"http:\/\/alainbriand.com\/site\/wp-content\/uploads\/2010\/09\/P1010014.jpg\"><img loading=\"lazy\" decoding=\"async\" class=\"alignnone size-large wp-image-737\" title=\"OLYMPUS DIGITAL CAMERA\" src=\"http:\/\/alainbriand.com\/site\/wp-content\/uploads\/2010\/09\/P1010014-1024x768.jpg\" alt=\"\" width=\"640\" height=\"480\" srcset=\"https:\/\/alainbriand.com\/site\/wp-content\/uploads\/2010\/09\/P1010014-1024x768.jpg 1024w, https:\/\/alainbriand.com\/site\/wp-content\/uploads\/2010\/09\/P1010014-300x225.jpg 300w, https:\/\/alainbriand.com\/site\/wp-content\/uploads\/2010\/09\/P1010014.jpg 2048w\" sizes=\"auto, (max-width: 640px) 100vw, 640px\" \/><\/a><\/p>\n<p><strong><a href=\"http:\/\/alainbriand.com\/site\/wp-content\/uploads\/2010\/09\/P1010009.jpg\"><img loading=\"lazy\" decoding=\"async\" class=\"alignnone size-large wp-image-736\" title=\"OLYMPUS DIGITAL CAMERA\" src=\"http:\/\/alainbriand.com\/site\/wp-content\/uploads\/2010\/09\/P1010009-1024x768.jpg\" alt=\"\" width=\"640\" height=\"480\" srcset=\"https:\/\/alainbriand.com\/site\/wp-content\/uploads\/2010\/09\/P1010009-1024x768.jpg 1024w, https:\/\/alainbriand.com\/site\/wp-content\/uploads\/2010\/09\/P1010009-300x225.jpg 300w, https:\/\/alainbriand.com\/site\/wp-content\/uploads\/2010\/09\/P1010009.jpg 2048w\" sizes=\"auto, (max-width: 640px) 100vw, 640px\" \/><\/a><\/strong><\/p>\n<p><strong><a href=\"http:\/\/alainbriand.com\/site\/wp-content\/uploads\/2010\/03\/P10100051.jpg\"><img loading=\"lazy\" decoding=\"async\" class=\"alignnone wp-image-44\" title=\"P1010005\" src=\"http:\/\/alainbriand.com\/site\/wp-content\/uploads\/2010\/03\/P10100051-1024x768.jpg\" alt=\"\" width=\"639\" height=\"480\" srcset=\"https:\/\/alainbriand.com\/site\/wp-content\/uploads\/2010\/03\/P10100051-1024x768.jpg 1024w, https:\/\/alainbriand.com\/site\/wp-content\/uploads\/2010\/03\/P10100051-300x225.jpg 300w, https:\/\/alainbriand.com\/site\/wp-content\/uploads\/2010\/03\/P10100051.jpg 2048w\" sizes=\"auto, (max-width: 639px) 100vw, 639px\" \/><\/a><\/strong><\/p>\n<p><strong><a href=\"http:\/\/alainbriand.com\/site\/wp-content\/uploads\/2010\/03\/P10100311.jpg\"><img loading=\"lazy\" decoding=\"async\" class=\"alignnone wp-image-45\" title=\"P1010031\" src=\"http:\/\/alainbriand.com\/site\/wp-content\/uploads\/2010\/03\/P10100311-1024x768.jpg\" alt=\"\" width=\"638\" height=\"479\" srcset=\"https:\/\/alainbriand.com\/site\/wp-content\/uploads\/2010\/03\/P10100311-1024x768.jpg 1024w, https:\/\/alainbriand.com\/site\/wp-content\/uploads\/2010\/03\/P10100311-300x225.jpg 300w, https:\/\/alainbriand.com\/site\/wp-content\/uploads\/2010\/03\/P10100311.jpg 2048w\" sizes=\"auto, (max-width: 638px) 100vw, 638px\" \/><\/a><\/strong><\/p>\n<p><strong><a href=\"http:\/\/alainbriand.com\/site\/wp-content\/uploads\/2010\/03\/P10100051.jpg\"><img loading=\"lazy\" decoding=\"async\" class=\"alignnone wp-image-44\" title=\"P1010005\" src=\"http:\/\/alainbriand.com\/site\/wp-content\/uploads\/2010\/03\/P10100051-1024x768.jpg\" alt=\"\" width=\"636\" height=\"477\" srcset=\"https:\/\/alainbriand.com\/site\/wp-content\/uploads\/2010\/03\/P10100051-1024x768.jpg 1024w, https:\/\/alainbriand.com\/site\/wp-content\/uploads\/2010\/03\/P10100051-300x225.jpg 300w, https:\/\/alainbriand.com\/site\/wp-content\/uploads\/2010\/03\/P10100051.jpg 2048w\" sizes=\"auto, (max-width: 636px) 100vw, 636px\" \/><\/a><\/strong><\/p>\n<p>&nbsp;<\/p>\n<p><strong><a href=\"http:\/\/alainbriand.com\/site\/wp-content\/uploads\/2010\/09\/P1010017.jpg\"><img loading=\"lazy\" decoding=\"async\" class=\"alignnone size-large wp-image-738\" title=\"OLYMPUS DIGITAL CAMERA\" src=\"http:\/\/alainbriand.com\/site\/wp-content\/uploads\/2010\/09\/P1010017-768x1024.jpg\" alt=\"\" width=\"640\" height=\"853\" srcset=\"https:\/\/alainbriand.com\/site\/wp-content\/uploads\/2010\/09\/P1010017-768x1024.jpg 768w, https:\/\/alainbriand.com\/site\/wp-content\/uploads\/2010\/09\/P1010017-225x300.jpg 225w, https:\/\/alainbriand.com\/site\/wp-content\/uploads\/2010\/09\/P1010017.jpg 1536w\" sizes=\"auto, (max-width: 640px) 100vw, 640px\" \/><\/a><\/strong><\/p>\n","protected":false},"excerpt":{"rendered":"<p>Aquarelles et lavis de Fran\u00e7ois Salvat. \u00ab\u00a0Livre-sculpture\u00a0\u00bb, format 58 x 40 x 30 cm. R\u00e9alis\u00e9 en novembre 2009. Veau naturel teint\u00e9, papier et soie marbr\u00e9s,&hellip; <\/p>\n","protected":false},"author":2,"featured_media":1107,"parent":9,"menu_order":1,"comment_status":"open","ping_status":"open","template":"","meta":{"footnotes":""},"class_list":["post-241","page","type-page","status-publish","has-post-thumbnail","hentry"],"_links":{"self":[{"href":"https:\/\/alainbriand.com\/site\/wp-json\/wp\/v2\/pages\/241","targetHints":{"allow":["GET"]}}],"collection":[{"href":"https:\/\/alainbriand.com\/site\/wp-json\/wp\/v2\/pages"}],"about":[{"href":"https:\/\/alainbriand.com\/site\/wp-json\/wp\/v2\/types\/page"}],"author":[{"embeddable":true,"href":"https:\/\/alainbriand.com\/site\/wp-json\/wp\/v2\/users\/2"}],"replies":[{"embeddable":true,"href":"https:\/\/alainbriand.com\/site\/wp-json\/wp\/v2\/comments?post=241"}],"version-history":[{"count":25,"href":"https:\/\/alainbriand.com\/site\/wp-json\/wp\/v2\/pages\/241\/revisions"}],"predecessor-version":[{"id":3618,"href":"https:\/\/alainbriand.com\/site\/wp-json\/wp\/v2\/pages\/241\/revisions\/3618"}],"up":[{"embeddable":true,"href":"https:\/\/alainbriand.com\/site\/wp-json\/wp\/v2\/pages\/9"}],"wp:featuredmedia":[{"embeddable":true,"href":"https:\/\/alainbriand.com\/site\/wp-json\/wp\/v2\/media\/1107"}],"wp:attachment":[{"href":"https:\/\/alainbriand.com\/site\/wp-json\/wp\/v2\/media?parent=241"}],"curies":[{"name":"wp","href":"https:\/\/api.w.org\/{rel}","templated":true}]}}