{"id":193,"date":"2010-09-11T12:14:30","date_gmt":"2010-09-11T12:14:30","guid":{"rendered":"http:\/\/alainbriand.com\/site\/?page_id=193"},"modified":"2019-04-14T19:35:30","modified_gmt":"2019-04-14T19:35:30","slug":"souricieres","status":"publish","type":"page","link":"https:\/\/alainbriand.com\/site\/livres-objets\/souricieres\/","title":{"rendered":"Sourici\u00e8res"},"content":{"rendered":"<p><!--:de--><\/p>\n<p><!--:--><!--:fr-->Aquarelles de Jacques Dauphin. Editions Demeter : Orl\u00e9ans, 2007.<\/p>\n<p>Embo\u00eetage, couvrure en toile de jute avec, sur le premier plat, un pi\u00e8ge \u00e0 rongeurs en ch\u00e2taignier. Titre : noir de fum\u00e9e. 17 cm x 21,5 cm.<a href=\"http:\/\/alainbriand.com\/site\/wp-content\/uploads\/2010\/07\/P1010907.jpg\"><img loading=\"lazy\" decoding=\"async\" class=\"alignnone size-large wp-image-91\" title=\"P1010907\" src=\"http:\/\/alainbriand.com\/site\/wp-content\/uploads\/2010\/07\/P1010907-1024x768.jpg\" alt=\"\" width=\"470\" height=\"352\" srcset=\"https:\/\/alainbriand.com\/site\/wp-content\/uploads\/2010\/07\/P1010907-1024x768.jpg 1024w, https:\/\/alainbriand.com\/site\/wp-content\/uploads\/2010\/07\/P1010907-300x225.jpg 300w, https:\/\/alainbriand.com\/site\/wp-content\/uploads\/2010\/07\/P1010907.jpg 2048w\" sizes=\"auto, (max-width: 470px) 100vw, 470px\" \/><\/a><a href=\"http:\/\/alainbriand.com\/site\/wp-content\/uploads\/2010\/07\/P1010910.jpg\"><img loading=\"lazy\" decoding=\"async\" class=\"alignnone size-large wp-image-92\" title=\"P1010910\" src=\"http:\/\/alainbriand.com\/site\/wp-content\/uploads\/2010\/07\/P1010910-1024x768.jpg\" alt=\"\" width=\"470\" height=\"352\" srcset=\"https:\/\/alainbriand.com\/site\/wp-content\/uploads\/2010\/07\/P1010910-1024x768.jpg 1024w, https:\/\/alainbriand.com\/site\/wp-content\/uploads\/2010\/07\/P1010910-300x225.jpg 300w, https:\/\/alainbriand.com\/site\/wp-content\/uploads\/2010\/07\/P1010910.jpg 2048w\" sizes=\"auto, (max-width: 470px) 100vw, 470px\" \/><\/a><!--:--><!--:it--><\/p>\n<p>&nbsp;<\/p>\n","protected":false},"excerpt":{"rendered":"<p>Aquarelles de Jacques Dauphin. Editions Demeter : Orl\u00e9ans, 2007. Embo\u00eetage, couvrure en toile de jute avec, sur le premier plat, un pi\u00e8ge \u00e0 rongeurs en&hellip; <\/p>\n","protected":false},"author":2,"featured_media":0,"parent":187,"menu_order":14,"comment_status":"open","ping_status":"open","template":"","meta":{"footnotes":""},"class_list":["post-193","page","type-page","status-publish","hentry"],"_links":{"self":[{"href":"https:\/\/alainbriand.com\/site\/wp-json\/wp\/v2\/pages\/193","targetHints":{"allow":["GET"]}}],"collection":[{"href":"https:\/\/alainbriand.com\/site\/wp-json\/wp\/v2\/pages"}],"about":[{"href":"https:\/\/alainbriand.com\/site\/wp-json\/wp\/v2\/types\/page"}],"author":[{"embeddable":true,"href":"https:\/\/alainbriand.com\/site\/wp-json\/wp\/v2\/users\/2"}],"replies":[{"embeddable":true,"href":"https:\/\/alainbriand.com\/site\/wp-json\/wp\/v2\/comments?post=193"}],"version-history":[{"count":15,"href":"https:\/\/alainbriand.com\/site\/wp-json\/wp\/v2\/pages\/193\/revisions"}],"predecessor-version":[{"id":2056,"href":"https:\/\/alainbriand.com\/site\/wp-json\/wp\/v2\/pages\/193\/revisions\/2056"}],"up":[{"embeddable":true,"href":"https:\/\/alainbriand.com\/site\/wp-json\/wp\/v2\/pages\/187"}],"wp:attachment":[{"href":"https:\/\/alainbriand.com\/site\/wp-json\/wp\/v2\/media?parent=193"}],"curies":[{"name":"wp","href":"https:\/\/api.w.org\/{rel}","templated":true}]}}