{"id":190,"date":"2010-09-11T12:13:38","date_gmt":"2010-09-11T12:13:38","guid":{"rendered":"http:\/\/alainbriand.com\/site\/?page_id=190"},"modified":"2019-04-14T18:16:25","modified_gmt":"2019-04-14T18:16:25","slug":"les-chroniques-dun-martin-pecheur","status":"publish","type":"page","link":"https:\/\/alainbriand.com\/site\/livres-objets\/les-chroniques-dun-martin-pecheur\/","title":{"rendered":"Les chroniques d&rsquo;un Martin p\u00eacheur"},"content":{"rendered":"<p><!--:de--><\/p>\n<div class=\"mceTemp\"><\/div>\n<p><!--:--><!--:fr-->Jean-Jack Martin. Editions Ch. Pirot, Saint-Cyr-sur-Loire, 1988. Reliure \u00e0 plat rapport\u00e9, livre broch\u00e9 sur hame\u00e7ons au fil de p\u00eache. 26 cm x 18 cm.<\/p>\n<figure id=\"attachment_87\" aria-describedby=\"caption-attachment-87\" style=\"width: 470px\" class=\"wp-caption alignnone\"><a href=\"http:\/\/alainbriand.com\/site\/wp-content\/uploads\/2010\/07\/P1010896.jpg\"><img loading=\"lazy\" decoding=\"async\" class=\"size-large wp-image-87\" title=\"P1010896\" src=\"http:\/\/alainbriand.com\/site\/wp-content\/uploads\/2010\/07\/P1010896-1024x768.jpg\" alt=\"\" width=\"470\" height=\"352\" srcset=\"https:\/\/alainbriand.com\/site\/wp-content\/uploads\/2010\/07\/P1010896-1024x768.jpg 1024w, https:\/\/alainbriand.com\/site\/wp-content\/uploads\/2010\/07\/P1010896-300x225.jpg 300w, https:\/\/alainbriand.com\/site\/wp-content\/uploads\/2010\/07\/P1010896.jpg 2048w\" sizes=\"auto, (max-width: 470px) 100vw, 470px\" \/><\/a><figcaption id=\"caption-attachment-87\" class=\"wp-caption-text\">Version inox<\/figcaption><\/figure>\n<figure id=\"attachment_88\" aria-describedby=\"caption-attachment-88\" style=\"width: 470px\" class=\"wp-caption alignnone\"><a href=\"http:\/\/alainbriand.com\/site\/wp-content\/uploads\/2010\/07\/P1010010.jpg\"><img loading=\"lazy\" decoding=\"async\" class=\"size-large wp-image-88\" title=\"P1010010\" src=\"http:\/\/alainbriand.com\/site\/wp-content\/uploads\/2010\/07\/P1010010-1024x768.jpg\" alt=\"\" width=\"470\" height=\"352\" srcset=\"https:\/\/alainbriand.com\/site\/wp-content\/uploads\/2010\/07\/P1010010-1024x768.jpg 1024w, https:\/\/alainbriand.com\/site\/wp-content\/uploads\/2010\/07\/P1010010-300x225.jpg 300w, https:\/\/alainbriand.com\/site\/wp-content\/uploads\/2010\/07\/P1010010.jpg 2048w\" sizes=\"auto, (max-width: 470px) 100vw, 470px\" \/><\/a><figcaption id=\"caption-attachment-88\" class=\"wp-caption-text\">Dessous de plat en \u00e9maux de Briare<\/figcaption><\/figure>\n<p><!--:--><!--:it-->&nbsp;<\/p>\n","protected":false},"excerpt":{"rendered":"<p>Jean-Jack Martin. Editions Ch. Pirot, Saint-Cyr-sur-Loire, 1988. Reliure \u00e0 plat rapport\u00e9, livre broch\u00e9 sur hame\u00e7ons au fil de p\u00eache. 26 cm x 18 cm. &nbsp;<\/p>\n","protected":false},"author":2,"featured_media":0,"parent":187,"menu_order":13,"comment_status":"open","ping_status":"open","template":"","meta":{"footnotes":""},"class_list":["post-190","page","type-page","status-publish","hentry"],"_links":{"self":[{"href":"https:\/\/alainbriand.com\/site\/wp-json\/wp\/v2\/pages\/190","targetHints":{"allow":["GET"]}}],"collection":[{"href":"https:\/\/alainbriand.com\/site\/wp-json\/wp\/v2\/pages"}],"about":[{"href":"https:\/\/alainbriand.com\/site\/wp-json\/wp\/v2\/types\/page"}],"author":[{"embeddable":true,"href":"https:\/\/alainbriand.com\/site\/wp-json\/wp\/v2\/users\/2"}],"replies":[{"embeddable":true,"href":"https:\/\/alainbriand.com\/site\/wp-json\/wp\/v2\/comments?post=190"}],"version-history":[{"count":14,"href":"https:\/\/alainbriand.com\/site\/wp-json\/wp\/v2\/pages\/190\/revisions"}],"predecessor-version":[{"id":2046,"href":"https:\/\/alainbriand.com\/site\/wp-json\/wp\/v2\/pages\/190\/revisions\/2046"}],"up":[{"embeddable":true,"href":"https:\/\/alainbriand.com\/site\/wp-json\/wp\/v2\/pages\/187"}],"wp:attachment":[{"href":"https:\/\/alainbriand.com\/site\/wp-json\/wp\/v2\/media?parent=190"}],"curies":[{"name":"wp","href":"https:\/\/api.w.org\/{rel}","templated":true}]}}