{"id":187,"date":"2010-09-11T09:38:23","date_gmt":"2010-09-11T09:38:23","guid":{"rendered":"http:\/\/alainbriand.com\/site\/?page_id=187"},"modified":"2018-10-06T17:44:12","modified_gmt":"2018-10-06T17:44:12","slug":"livres-objets","status":"publish","type":"page","link":"https:\/\/alainbriand.com\/site\/livres-objets\/","title":{"rendered":"Livres-objets"},"content":{"rendered":"<p>Pr\u00e9sentation non exhaustive de cr\u00e9ations con\u00e7ues et r\u00e9alis\u00e9es \u00e0 l&rsquo;atelier. Pour toute acquisition, s&rsquo;adresser \u00e0 Alain Briand.<\/p>\n<p><!--:--><!--:zh--><\/p>\n<p><!--:--><\/p>\n","protected":false},"excerpt":{"rendered":"<p>Pr\u00e9sentation non exhaustive de cr\u00e9ations con\u00e7ues et r\u00e9alis\u00e9es \u00e0 l&rsquo;atelier. Pour toute acquisition, s&rsquo;adresser \u00e0 Alain Briand.<\/p>\n","protected":false},"author":2,"featured_media":0,"parent":0,"menu_order":2,"comment_status":"open","ping_status":"open","template":"","meta":{"footnotes":""},"class_list":["post-187","page","type-page","status-publish","hentry"],"_links":{"self":[{"href":"https:\/\/alainbriand.com\/site\/wp-json\/wp\/v2\/pages\/187","targetHints":{"allow":["GET"]}}],"collection":[{"href":"https:\/\/alainbriand.com\/site\/wp-json\/wp\/v2\/pages"}],"about":[{"href":"https:\/\/alainbriand.com\/site\/wp-json\/wp\/v2\/types\/page"}],"author":[{"embeddable":true,"href":"https:\/\/alainbriand.com\/site\/wp-json\/wp\/v2\/users\/2"}],"replies":[{"embeddable":true,"href":"https:\/\/alainbriand.com\/site\/wp-json\/wp\/v2\/comments?post=187"}],"version-history":[{"count":12,"href":"https:\/\/alainbriand.com\/site\/wp-json\/wp\/v2\/pages\/187\/revisions"}],"predecessor-version":[{"id":2014,"href":"https:\/\/alainbriand.com\/site\/wp-json\/wp\/v2\/pages\/187\/revisions\/2014"}],"wp:attachment":[{"href":"https:\/\/alainbriand.com\/site\/wp-json\/wp\/v2\/media?parent=187"}],"curies":[{"name":"wp","href":"https:\/\/api.w.org\/{rel}","templated":true}]}}