{"id":169,"date":"2010-09-07T16:52:35","date_gmt":"2010-09-07T16:52:35","guid":{"rendered":"http:\/\/alainbriand.com\/site\/?page_id=169"},"modified":"2019-10-28T21:07:21","modified_gmt":"2019-10-28T21:07:21","slug":"chapitre-nature-2009","status":"publish","type":"page","link":"https:\/\/alainbriand.com\/site\/revue-de-presse\/chapitre-nature-2009\/","title":{"rendered":"7e Festival \u00ab\u00a0Chap\u00eetre Nature\u00a0\u00bb 2009"},"content":{"rendered":"<p><!--:de-->Festival \u00a0\u00bb Chap\u00eetre Nature\u00a0\u00bb : Le Blanc (36), Mai 2009.<\/p>\n<p>Atelier tout public : chacun des participants cr\u00e9e sa propre couverture du livre \u00ab\u00a0L&rsquo;homme est un singe\u00a0\u00bb, enti\u00e8rement con\u00e7u et r\u00e9alis\u00e9 pendant le festival.<a href=\"http:\/\/alainbriand.com\/site\/wp-content\/uploads\/2010\/09\/P1010031.jpg\"><img loading=\"lazy\" decoding=\"async\" class=\"alignnone size-large wp-image-248\" title=\"OLYMPUS DIGITAL CAMERA\" src=\"http:\/\/alainbriand.com\/site\/wp-content\/uploads\/2010\/09\/P1010031-1024x768.jpg\" alt=\"\" width=\"640\" height=\"480\" srcset=\"https:\/\/alainbriand.com\/site\/wp-content\/uploads\/2010\/09\/P1010031-1024x768.jpg 1024w, https:\/\/alainbriand.com\/site\/wp-content\/uploads\/2010\/09\/P1010031-300x225.jpg 300w, https:\/\/alainbriand.com\/site\/wp-content\/uploads\/2010\/09\/P1010031.jpg 2048w\" sizes=\"auto, (max-width: 640px) 100vw, 640px\" \/><\/a><\/p>\n<p>Reliure \u00e0 couture apparente, plats rapport\u00e9s tous diff\u00e9rents r\u00e9alis\u00e9s avec des mat\u00e9riaux de mod\u00e9lisme, ainsi que des \u00e9l\u00e9ments naturels.<\/p>\n<p><a href=\"http:\/\/alainbriand.com\/site\/wp-content\/uploads\/2010\/03\/header.jpg\"><img loading=\"lazy\" decoding=\"async\" class=\"alignnone size-full wp-image-10\" title=\"header\" src=\"http:\/\/alainbriand.com\/site\/wp-content\/uploads\/2010\/03\/header.jpg\" alt=\"\" width=\"470\" height=\"325\" \/><\/a><\/p>\n<p>&nbsp;<\/p>\n<p><!--:--><\/p>\n","protected":false},"excerpt":{"rendered":"<p>Festival \u00a0\u00bb Chap\u00eetre Nature\u00a0\u00bb : Le Blanc (36), Mai 2009. Atelier tout public : chacun des participants cr\u00e9e sa propre couverture du livre \u00ab\u00a0L&rsquo;homme est&hellip; <\/p>\n","protected":false},"author":2,"featured_media":0,"parent":1236,"menu_order":1,"comment_status":"closed","ping_status":"closed","template":"","meta":{"footnotes":""},"class_list":["post-169","page","type-page","status-publish","hentry"],"_links":{"self":[{"href":"https:\/\/alainbriand.com\/site\/wp-json\/wp\/v2\/pages\/169","targetHints":{"allow":["GET"]}}],"collection":[{"href":"https:\/\/alainbriand.com\/site\/wp-json\/wp\/v2\/pages"}],"about":[{"href":"https:\/\/alainbriand.com\/site\/wp-json\/wp\/v2\/types\/page"}],"author":[{"embeddable":true,"href":"https:\/\/alainbriand.com\/site\/wp-json\/wp\/v2\/users\/2"}],"replies":[{"embeddable":true,"href":"https:\/\/alainbriand.com\/site\/wp-json\/wp\/v2\/comments?post=169"}],"version-history":[{"count":22,"href":"https:\/\/alainbriand.com\/site\/wp-json\/wp\/v2\/pages\/169\/revisions"}],"predecessor-version":[{"id":2109,"href":"https:\/\/alainbriand.com\/site\/wp-json\/wp\/v2\/pages\/169\/revisions\/2109"}],"up":[{"embeddable":true,"href":"https:\/\/alainbriand.com\/site\/wp-json\/wp\/v2\/pages\/1236"}],"wp:attachment":[{"href":"https:\/\/alainbriand.com\/site\/wp-json\/wp\/v2\/media?parent=169"}],"curies":[{"name":"wp","href":"https:\/\/api.w.org\/{rel}","templated":true}]}}