{"id":1442,"date":"2013-04-10T16:36:16","date_gmt":"2013-04-10T16:36:16","guid":{"rendered":"http:\/\/alainbriand.com\/site\/?page_id=1442"},"modified":"2019-04-14T18:19:54","modified_gmt":"2019-04-14T18:19:54","slug":"jeux-dadresses","status":"publish","type":"page","link":"https:\/\/alainbriand.com\/site\/livres-objets\/jeux-dadresses\/","title":{"rendered":"Jeux d&rsquo;adresse(s)"},"content":{"rendered":"<p><!--:--><!--:fr-->Livres-objets r\u00e9alis\u00e9s \u00e0 partir de petits r\u00e9pertoires recouverts avec des papiers peints \u00e0 la planche de l&rsquo;atelier d&rsquo;Offard \u00e0 Tours. Format : 11 x 7 cm.<\/p>\n<p><a href=\"http:\/\/alainbriand.com\/site\/wp-content\/uploads\/2013\/04\/P1010006.jpg\"><img loading=\"lazy\" decoding=\"async\" class=\"alignnone size-medium wp-image-1433\" src=\"http:\/\/alainbriand.com\/site\/wp-content\/uploads\/2013\/04\/P1010006-300x225.jpg\" alt=\"OLYMPUS DIGITAL CAMERA\" width=\"300\" height=\"225\" srcset=\"https:\/\/alainbriand.com\/site\/wp-content\/uploads\/2013\/04\/P1010006-300x225.jpg 300w, https:\/\/alainbriand.com\/site\/wp-content\/uploads\/2013\/04\/P1010006-1024x768.jpg 1024w, https:\/\/alainbriand.com\/site\/wp-content\/uploads\/2013\/04\/P1010006.jpg 2048w\" sizes=\"auto, (max-width: 300px) 100vw, 300px\" \/><\/a>\u00a0 \u00a0 <!--:--><\/p>\n","protected":false},"excerpt":{"rendered":"<p>Livres-objets r\u00e9alis\u00e9s \u00e0 partir de petits r\u00e9pertoires recouverts avec des papiers peints \u00e0 la planche de l&rsquo;atelier d&rsquo;Offard \u00e0 Tours. Format : 11 x 7&hellip; <\/p>\n","protected":false},"author":2,"featured_media":0,"parent":187,"menu_order":3,"comment_status":"open","ping_status":"open","template":"","meta":{"footnotes":""},"class_list":["post-1442","page","type-page","status-publish","hentry"],"_links":{"self":[{"href":"https:\/\/alainbriand.com\/site\/wp-json\/wp\/v2\/pages\/1442","targetHints":{"allow":["GET"]}}],"collection":[{"href":"https:\/\/alainbriand.com\/site\/wp-json\/wp\/v2\/pages"}],"about":[{"href":"https:\/\/alainbriand.com\/site\/wp-json\/wp\/v2\/types\/page"}],"author":[{"embeddable":true,"href":"https:\/\/alainbriand.com\/site\/wp-json\/wp\/v2\/users\/2"}],"replies":[{"embeddable":true,"href":"https:\/\/alainbriand.com\/site\/wp-json\/wp\/v2\/comments?post=1442"}],"version-history":[{"count":11,"href":"https:\/\/alainbriand.com\/site\/wp-json\/wp\/v2\/pages\/1442\/revisions"}],"predecessor-version":[{"id":2052,"href":"https:\/\/alainbriand.com\/site\/wp-json\/wp\/v2\/pages\/1442\/revisions\/2052"}],"up":[{"embeddable":true,"href":"https:\/\/alainbriand.com\/site\/wp-json\/wp\/v2\/pages\/187"}],"wp:attachment":[{"href":"https:\/\/alainbriand.com\/site\/wp-json\/wp\/v2\/media?parent=1442"}],"curies":[{"name":"wp","href":"https:\/\/api.w.org\/{rel}","templated":true}]}}