{"id":1430,"date":"2013-04-10T16:46:13","date_gmt":"2013-04-10T16:46:13","guid":{"rendered":"http:\/\/alainbriand.com\/site\/?page_id=1430"},"modified":"2018-10-06T17:34:09","modified_gmt":"2018-10-06T17:34:09","slug":"carnets-repertoires-albums-photos","status":"publish","type":"page","link":"https:\/\/alainbriand.com\/site\/atelier\/carnets-repertoires-albums-photos\/","title":{"rendered":"Carnets, r\u00e9pertoires, albums-photos&#8230;"},"content":{"rendered":"<p><!--:--><!--:fr-->Diff\u00e9rents mod\u00e8les, tous cousus, reli\u00e9s et recouverts avec des papiers peints \u00e0 la planche provenant de l&rsquo;atelier d&rsquo;Offard \u00e0 Tours.<\/p>\n<p><a href=\"http:\/\/alainbriand.com\/site\/wp-content\/uploads\/2013\/04\/P1010001-2.jpg\"><img loading=\"lazy\" decoding=\"async\" class=\"alignnone size-medium wp-image-1431\" src=\"http:\/\/alainbriand.com\/site\/wp-content\/uploads\/2013\/04\/P1010001-2-300x225.jpg\" alt=\"OLYMPUS DIGITAL CAMERA\" width=\"300\" height=\"225\" srcset=\"https:\/\/alainbriand.com\/site\/wp-content\/uploads\/2013\/04\/P1010001-2-300x225.jpg 300w, https:\/\/alainbriand.com\/site\/wp-content\/uploads\/2013\/04\/P1010001-2-1024x768.jpg 1024w, https:\/\/alainbriand.com\/site\/wp-content\/uploads\/2013\/04\/P1010001-2.jpg 2048w\" sizes=\"auto, (max-width: 300px) 100vw, 300px\" \/><\/a>\u00a0\u00a0<a href=\"http:\/\/alainbriand.com\/site\/wp-content\/uploads\/2013\/04\/P1010004.jpg\"><img loading=\"lazy\" decoding=\"async\" class=\"alignnone size-medium wp-image-1432\" src=\"http:\/\/alainbriand.com\/site\/wp-content\/uploads\/2013\/04\/P1010004-300x225.jpg\" alt=\"OLYMPUS DIGITAL CAMERA\" width=\"300\" height=\"225\" srcset=\"https:\/\/alainbriand.com\/site\/wp-content\/uploads\/2013\/04\/P1010004-300x225.jpg 300w, https:\/\/alainbriand.com\/site\/wp-content\/uploads\/2013\/04\/P1010004-1024x768.jpg 1024w, https:\/\/alainbriand.com\/site\/wp-content\/uploads\/2013\/04\/P1010004.jpg 2048w\" sizes=\"auto, (max-width: 300px) 100vw, 300px\" \/><\/a><\/p>\n<p><a href=\"http:\/\/alainbriand.com\/site\/wp-content\/uploads\/2013\/04\/P1010013.jpg\"><img loading=\"lazy\" decoding=\"async\" class=\"alignnone size-medium wp-image-1434\" src=\"http:\/\/alainbriand.com\/site\/wp-content\/uploads\/2013\/04\/P1010013-225x300.jpg\" alt=\"OLYMPUS DIGITAL CAMERA\" width=\"225\" height=\"300\" srcset=\"https:\/\/alainbriand.com\/site\/wp-content\/uploads\/2013\/04\/P1010013-225x300.jpg 225w, https:\/\/alainbriand.com\/site\/wp-content\/uploads\/2013\/04\/P1010013-768x1024.jpg 768w, https:\/\/alainbriand.com\/site\/wp-content\/uploads\/2013\/04\/P1010013.jpg 1536w\" sizes=\"auto, (max-width: 225px) 100vw, 225px\" \/><\/a>\u00a0 \u00a0 \u00a0 \u00a0 \u00a0 \u00a0 \u00a0 \u00a0 \u00a0 \u00a0 \u00a0<a href=\"http:\/\/alainbriand.com\/site\/wp-content\/uploads\/2013\/04\/P1010009.jpg\"><img loading=\"lazy\" decoding=\"async\" src=\"http:\/\/alainbriand.com\/site\/wp-content\/uploads\/2013\/04\/P1010009-225x300.jpg\" alt=\"OLYMPUS DIGITAL CAMERA\" width=\"225\" height=\"300\" \/><\/a><\/p>\n<p>\u00ab\u00a0Jeux d&rsquo;adresse(s)\u00a0\u00bb : livres-objets \u00e0 partir de petits r\u00e9pertoires.<\/p>\n<p><a href=\"http:\/\/alainbriand.com\/site\/wp-content\/uploads\/2013\/04\/P1010006.jpg\"><img loading=\"lazy\" decoding=\"async\" src=\"http:\/\/alainbriand.com\/site\/wp-content\/uploads\/2013\/04\/P1010006-300x225.jpg\" alt=\"OLYMPUS DIGITAL CAMERA\" width=\"300\" height=\"225\" \/><\/a> \u00a0<a href=\"http:\/\/alainbriand.com\/site\/wp-content\/uploads\/2013\/04\/P1010007.jpg\"><img loading=\"lazy\" decoding=\"async\" class=\"alignnone size-medium wp-image-1436\" src=\"http:\/\/alainbriand.com\/site\/wp-content\/uploads\/2013\/04\/P1010007-225x300.jpg\" alt=\"OLYMPUS DIGITAL CAMERA\" width=\"225\" height=\"300\" srcset=\"https:\/\/alainbriand.com\/site\/wp-content\/uploads\/2013\/04\/P1010007-225x300.jpg 225w, https:\/\/alainbriand.com\/site\/wp-content\/uploads\/2013\/04\/P1010007-768x1024.jpg 768w, https:\/\/alainbriand.com\/site\/wp-content\/uploads\/2013\/04\/P1010007.jpg 1536w\" sizes=\"auto, (max-width: 225px) 100vw, 225px\" \/><\/a><!--:--><\/p>\n","protected":false},"excerpt":{"rendered":"<p>Diff\u00e9rents mod\u00e8les, tous cousus, reli\u00e9s et recouverts avec des papiers peints \u00e0 la planche provenant de l&rsquo;atelier d&rsquo;Offard \u00e0 Tours. \u00a0\u00a0 \u00a0 \u00a0 \u00a0 \u00a0&hellip; <\/p>\n","protected":false},"author":2,"featured_media":1437,"parent":9,"menu_order":4,"comment_status":"open","ping_status":"open","template":"","meta":{"footnotes":""},"class_list":["post-1430","page","type-page","status-publish","has-post-thumbnail","hentry"],"_links":{"self":[{"href":"https:\/\/alainbriand.com\/site\/wp-json\/wp\/v2\/pages\/1430","targetHints":{"allow":["GET"]}}],"collection":[{"href":"https:\/\/alainbriand.com\/site\/wp-json\/wp\/v2\/pages"}],"about":[{"href":"https:\/\/alainbriand.com\/site\/wp-json\/wp\/v2\/types\/page"}],"author":[{"embeddable":true,"href":"https:\/\/alainbriand.com\/site\/wp-json\/wp\/v2\/users\/2"}],"replies":[{"embeddable":true,"href":"https:\/\/alainbriand.com\/site\/wp-json\/wp\/v2\/comments?post=1430"}],"version-history":[{"count":15,"href":"https:\/\/alainbriand.com\/site\/wp-json\/wp\/v2\/pages\/1430\/revisions"}],"predecessor-version":[{"id":2011,"href":"https:\/\/alainbriand.com\/site\/wp-json\/wp\/v2\/pages\/1430\/revisions\/2011"}],"up":[{"embeddable":true,"href":"https:\/\/alainbriand.com\/site\/wp-json\/wp\/v2\/pages\/9"}],"wp:featuredmedia":[{"embeddable":true,"href":"https:\/\/alainbriand.com\/site\/wp-json\/wp\/v2\/media\/1437"}],"wp:attachment":[{"href":"https:\/\/alainbriand.com\/site\/wp-json\/wp\/v2\/media?parent=1430"}],"curies":[{"name":"wp","href":"https:\/\/api.w.org\/{rel}","templated":true}]}}