{"id":1345,"date":"2013-03-16T14:31:53","date_gmt":"2013-03-16T14:31:53","guid":{"rendered":"http:\/\/alainbriand.com\/site\/?page_id=1345"},"modified":"2019-04-14T19:47:34","modified_gmt":"2019-04-14T19:47:34","slug":"lart-au-quotidien-novembre-2010","status":"publish","type":"page","link":"https:\/\/alainbriand.com\/site\/revue-de-presse\/lart-au-quotidien-novembre-2010\/","title":{"rendered":"L&rsquo;Art au Quotidien, Novembre 2010"},"content":{"rendered":"<p><strong><span style=\"text-decoration: underline;\">La Nouvelle R\u00e9publique<\/span><\/strong>, Novembre 2010 :<\/p>\n<p><a href=\"http:\/\/alainbriand.com\/site\/wp-content\/uploads\/2013\/03\/nrnov2010.jpg\"><img loading=\"lazy\" decoding=\"async\" class=\"alignnone size-full wp-image-1348\" src=\"http:\/\/alainbriand.com\/site\/wp-content\/uploads\/2013\/03\/nrnov2010.jpg\" alt=\"nrnov2010\" width=\"561\" height=\"524\" srcset=\"https:\/\/alainbriand.com\/site\/wp-content\/uploads\/2013\/03\/nrnov2010.jpg 561w, https:\/\/alainbriand.com\/site\/wp-content\/uploads\/2013\/03\/nrnov2010-300x280.jpg 300w\" sizes=\"auto, (max-width: 561px) 100vw, 561px\" \/><\/a><\/p>\n<p><span style=\"text-decoration: underline;\"><strong>M\u00e9tiers 37<\/strong><\/span>, D\u00e9cembre 2010 :<\/p>\n<p><a href=\"http:\/\/alainbriand.com\/site\/wp-content\/uploads\/2013\/03\/metiers37dec2010.jpg\"><img loading=\"lazy\" decoding=\"async\" class=\"alignnone size-full wp-image-1347\" src=\"http:\/\/alainbriand.com\/site\/wp-content\/uploads\/2013\/03\/metiers37dec2010.jpg\" alt=\"metiers37dec2010\" width=\"529\" height=\"344\" srcset=\"https:\/\/alainbriand.com\/site\/wp-content\/uploads\/2013\/03\/metiers37dec2010.jpg 529w, https:\/\/alainbriand.com\/site\/wp-content\/uploads\/2013\/03\/metiers37dec2010-300x195.jpg 300w\" sizes=\"auto, (max-width: 529px) 100vw, 529px\" \/><\/a><\/p>\n","protected":false},"excerpt":{"rendered":"<p>La Nouvelle R\u00e9publique, Novembre 2010 : M\u00e9tiers 37, D\u00e9cembre 2010 :<\/p>\n","protected":false},"author":2,"featured_media":0,"parent":1236,"menu_order":8,"comment_status":"open","ping_status":"open","template":"","meta":{"footnotes":""},"class_list":["post-1345","page","type-page","status-publish","hentry"],"_links":{"self":[{"href":"https:\/\/alainbriand.com\/site\/wp-json\/wp\/v2\/pages\/1345","targetHints":{"allow":["GET"]}}],"collection":[{"href":"https:\/\/alainbriand.com\/site\/wp-json\/wp\/v2\/pages"}],"about":[{"href":"https:\/\/alainbriand.com\/site\/wp-json\/wp\/v2\/types\/page"}],"author":[{"embeddable":true,"href":"https:\/\/alainbriand.com\/site\/wp-json\/wp\/v2\/users\/2"}],"replies":[{"embeddable":true,"href":"https:\/\/alainbriand.com\/site\/wp-json\/wp\/v2\/comments?post=1345"}],"version-history":[{"count":6,"href":"https:\/\/alainbriand.com\/site\/wp-json\/wp\/v2\/pages\/1345\/revisions"}],"predecessor-version":[{"id":2067,"href":"https:\/\/alainbriand.com\/site\/wp-json\/wp\/v2\/pages\/1345\/revisions\/2067"}],"up":[{"embeddable":true,"href":"https:\/\/alainbriand.com\/site\/wp-json\/wp\/v2\/pages\/1236"}],"wp:attachment":[{"href":"https:\/\/alainbriand.com\/site\/wp-json\/wp\/v2\/media?parent=1345"}],"curies":[{"name":"wp","href":"https:\/\/api.w.org\/{rel}","templated":true}]}}