{"id":1317,"date":"2013-03-16T10:18:02","date_gmt":"2013-03-16T10:18:02","guid":{"rendered":"http:\/\/alainbriand.com\/site\/?page_id=1317"},"modified":"2019-04-14T19:59:29","modified_gmt":"2019-04-14T19:59:29","slug":"prix-ateliers-dart-de-france-novembre-2012","status":"publish","type":"page","link":"https:\/\/alainbriand.com\/site\/revue-de-presse\/prix-ateliers-dart-de-france-novembre-2012\/","title":{"rendered":"Prix Ateliers d&rsquo;Art de France, Novembre 2012"},"content":{"rendered":"<p><!--:--><!--:fr--><span style=\"text-decoration: underline;\"><strong><strong><strong>La Nouvelle R\u00e9publique<\/strong><\/strong><\/strong><\/span>, D\u00e9cembre 2012 &amp; <span style=\"text-decoration: underline;\"><strong>M\u00e9tiers37<\/strong><\/span>, Novembre 2012 :<\/p>\n<p><a href=\"http:\/\/alainbriand.com\/site\/wp-content\/uploads\/2013\/03\/nrnov2012.jpg\"><img loading=\"lazy\" decoding=\"async\" class=\"alignnone size-full wp-image-1319\" src=\"http:\/\/alainbriand.com\/site\/wp-content\/uploads\/2013\/03\/nrnov2012.jpg\" alt=\"nrnov2012\" width=\"308\" height=\"526\" srcset=\"https:\/\/alainbriand.com\/site\/wp-content\/uploads\/2013\/03\/nrnov2012.jpg 308w, https:\/\/alainbriand.com\/site\/wp-content\/uploads\/2013\/03\/nrnov2012-175x300.jpg 175w\" sizes=\"auto, (max-width: 308px) 100vw, 308px\" \/><\/a>\u00a0 \u00a0 \u00a0 \u00a0 \u00a0 \u00a0 \u00a0<a href=\"http:\/\/alainbriand.com\/site\/wp-content\/uploads\/2013\/03\/metiers37dec2012.jpg\"><img loading=\"lazy\" decoding=\"async\" class=\"alignnone size-full wp-image-1318\" src=\"http:\/\/alainbriand.com\/site\/wp-content\/uploads\/2013\/03\/metiers37dec2012.jpg\" alt=\"metiers37dec2012\" width=\"204\" height=\"134\" \/><\/a><strong>\u00a0<\/strong><\/p>\n","protected":false},"excerpt":{"rendered":"<p>La Nouvelle R\u00e9publique, D\u00e9cembre 2012 &amp; M\u00e9tiers37, Novembre 2012 : \u00a0 \u00a0 \u00a0 \u00a0 \u00a0 \u00a0 \u00a0\u00a0<\/p>\n","protected":false},"author":2,"featured_media":0,"parent":1236,"menu_order":3,"comment_status":"open","ping_status":"open","template":"","meta":{"footnotes":""},"class_list":["post-1317","page","type-page","status-publish","hentry"],"_links":{"self":[{"href":"https:\/\/alainbriand.com\/site\/wp-json\/wp\/v2\/pages\/1317","targetHints":{"allow":["GET"]}}],"collection":[{"href":"https:\/\/alainbriand.com\/site\/wp-json\/wp\/v2\/pages"}],"about":[{"href":"https:\/\/alainbriand.com\/site\/wp-json\/wp\/v2\/types\/page"}],"author":[{"embeddable":true,"href":"https:\/\/alainbriand.com\/site\/wp-json\/wp\/v2\/users\/2"}],"replies":[{"embeddable":true,"href":"https:\/\/alainbriand.com\/site\/wp-json\/wp\/v2\/comments?post=1317"}],"version-history":[{"count":13,"href":"https:\/\/alainbriand.com\/site\/wp-json\/wp\/v2\/pages\/1317\/revisions"}],"predecessor-version":[{"id":2068,"href":"https:\/\/alainbriand.com\/site\/wp-json\/wp\/v2\/pages\/1317\/revisions\/2068"}],"up":[{"embeddable":true,"href":"https:\/\/alainbriand.com\/site\/wp-json\/wp\/v2\/pages\/1236"}],"wp:attachment":[{"href":"https:\/\/alainbriand.com\/site\/wp-json\/wp\/v2\/media?parent=1317"}],"curies":[{"name":"wp","href":"https:\/\/api.w.org\/{rel}","templated":true}]}}