{"id":1189,"date":"2013-02-13T15:50:11","date_gmt":"2013-02-13T15:50:11","guid":{"rendered":"http:\/\/alainbriand.com\/site\/?page_id=1189"},"modified":"2018-10-06T17:45:47","modified_gmt":"2018-10-06T17:45:47","slug":"grimoire","status":"publish","type":"page","link":"https:\/\/alainbriand.com\/site\/atelier\/grimoire\/","title":{"rendered":"Grimoire"},"content":{"rendered":"<p><!--:--><!--:fr-->Grande boite en forme de grimoire r\u00e9alis\u00e9e \u00e0 la demande de Johanna Brioy et Samuel Dissoubray, de Bolbec (76), pour leur spectacle de magie.<\/p>\n<p>&nbsp;<\/p>\n<p><a href=\"http:\/\/alainbriand.com\/site\/wp-content\/uploads\/2013\/02\/P1010006.jpg\"><img loading=\"lazy\" decoding=\"async\" class=\"alignnone size-medium wp-image-1191\" src=\"http:\/\/alainbriand.com\/site\/wp-content\/uploads\/2013\/02\/P1010006-300x225.jpg\" alt=\"OLYMPUS DIGITAL CAMERA\" width=\"300\" height=\"225\" srcset=\"https:\/\/alainbriand.com\/site\/wp-content\/uploads\/2013\/02\/P1010006-300x225.jpg 300w, https:\/\/alainbriand.com\/site\/wp-content\/uploads\/2013\/02\/P1010006-1024x768.jpg 1024w, https:\/\/alainbriand.com\/site\/wp-content\/uploads\/2013\/02\/P1010006.jpg 2048w\" sizes=\"auto, (max-width: 300px) 100vw, 300px\" \/><\/a>\u00a0<a href=\"http:\/\/alainbriand.com\/site\/wp-content\/uploads\/2013\/02\/P1010013.jpg\"><img loading=\"lazy\" decoding=\"async\" class=\"alignnone size-medium wp-image-1192\" src=\"http:\/\/alainbriand.com\/site\/wp-content\/uploads\/2013\/02\/P1010013-229x300.jpg\" alt=\"OLYMPUS DIGITAL CAMERA\" width=\"229\" height=\"300\" srcset=\"https:\/\/alainbriand.com\/site\/wp-content\/uploads\/2013\/02\/P1010013-229x300.jpg 229w, https:\/\/alainbriand.com\/site\/wp-content\/uploads\/2013\/02\/P1010013-784x1024.jpg 784w, https:\/\/alainbriand.com\/site\/wp-content\/uploads\/2013\/02\/P1010013.jpg 1448w\" sizes=\"auto, (max-width: 229px) 100vw, 229px\" \/><\/a><\/p>\n<p>Reliure en pleine toile, charni\u00e8re en tyvek, dos et goutti\u00e8re en bois.<\/p>\n<p>S\u00e9parations int\u00e9rieures amovibles.<\/p>\n<p>Format raisin, 50 x 65 cm ; \u00e9paisseur : 10 cm.<\/p>\n<p>Lien : www.johannaetsamuel.fr<!--:--><\/p>\n<p>&nbsp;<\/p>\n<p>(English)<\/p>\n<p>Large box in the shape of a book of magic spells, made especially for Johanna Brioy and Samuel Dissoudray&rsquo;s magic show.<\/p>\n<p>Cloth biding, tyvek book hinge, wooden spine and foredge.<\/p>\n<p>Removable inside separations.<\/p>\n<p>Size: 50 x 65 cm; thickness: 10 cm.<\/p>\n<p>Link: www.johannaetsamuel.fr<\/p>\n","protected":false},"excerpt":{"rendered":"<p>Grande boite en forme de grimoire r\u00e9alis\u00e9e \u00e0 la demande de Johanna Brioy et Samuel Dissoubray, de Bolbec (76), pour leur spectacle de magie. &nbsp;&hellip; <\/p>\n","protected":false},"author":2,"featured_media":0,"parent":9,"menu_order":5,"comment_status":"open","ping_status":"open","template":"","meta":{"footnotes":""},"class_list":["post-1189","page","type-page","status-publish","hentry"],"_links":{"self":[{"href":"https:\/\/alainbriand.com\/site\/wp-json\/wp\/v2\/pages\/1189","targetHints":{"allow":["GET"]}}],"collection":[{"href":"https:\/\/alainbriand.com\/site\/wp-json\/wp\/v2\/pages"}],"about":[{"href":"https:\/\/alainbriand.com\/site\/wp-json\/wp\/v2\/types\/page"}],"author":[{"embeddable":true,"href":"https:\/\/alainbriand.com\/site\/wp-json\/wp\/v2\/users\/2"}],"replies":[{"embeddable":true,"href":"https:\/\/alainbriand.com\/site\/wp-json\/wp\/v2\/comments?post=1189"}],"version-history":[{"count":13,"href":"https:\/\/alainbriand.com\/site\/wp-json\/wp\/v2\/pages\/1189\/revisions"}],"predecessor-version":[{"id":2015,"href":"https:\/\/alainbriand.com\/site\/wp-json\/wp\/v2\/pages\/1189\/revisions\/2015"}],"up":[{"embeddable":true,"href":"https:\/\/alainbriand.com\/site\/wp-json\/wp\/v2\/pages\/9"}],"wp:attachment":[{"href":"https:\/\/alainbriand.com\/site\/wp-json\/wp\/v2\/media?parent=1189"}],"curies":[{"name":"wp","href":"https:\/\/api.w.org\/{rel}","templated":true}]}}